{"id":4284,"date":"2015-07-28T08:59:32","date_gmt":"2015-07-28T12:59:32","guid":{"rendered":"https:\/\/www.laudiom.com\/fr\/?page_id=4284"},"modified":"2015-07-28T11:16:23","modified_gmt":"2015-07-28T15:16:23","slug":"installations","status":"publish","type":"page","link":"https:\/\/www.laudiom.com\/fr\/installations\/","title":{"rendered":"Installations"},"content":{"rendered":"&nbsp;\r\n\r\n&nbsp;\r\n<h1><span style=\"color: #000000;\"><em><strong>Installations<\/strong> <\/em><\/span><\/h1>\r\n<span style=\"color: #000000;\">_____________________________________________________________________________<\/span>\r\n<ul>\r\n\t<li>\r\n<h3>Salle de r\u00e9union<\/h3>\r\n<\/li>\r\n\t<li>\r\n<h3>Centre communautaire<\/h3>\r\n<\/li>\r\n\t<li>\r\n<h3>Salle de conseil<\/h3>\r\n<\/li>\r\n\t<li>\r\n<h3>Centre culturel<\/h3>\r\n<\/li>\r\n\t<li>\r\n<h3>Auditorium<\/h3>\r\n<\/li>\r\n\t<li>\r\n<h3>Salle de spectacle<\/h3>\r\n<\/li>\r\n\t<li>\r\n<h3>Galerie d&rsquo;art<\/h3>\r\n<\/li>\r\n\t<li>\r\n<h3>Salle de vid\u00e9o conf\u00e9rence<\/h3>\r\n<\/li>\r\n\t<li>\r\n<h3>Complexe sportif<\/h3>\r\n<\/li>\r\n\t<li>\r\n<h3>\u00c9difice commercial<\/h3>\r\n<\/li>\r\n\t<li>\r\n<h3>Syst\u00e8me d&rsquo;intercom<\/h3>\r\n<\/li>\r\n<\/ul><div id=\"fb_share_1\" style=\"float: left; margin-left: 10px;;width: 55px;\" name=\"fb_share\"><div id=\"fb-root\"><\/div><script src=\"https:\/\/connect.facebook.net\/en_US\/all.js#appId=125029517579627&amp;xfbml=1\"><\/script><fb:like href=\"https:\/\/www.laudiom.com\/fr\/installations\/\" send=\"true\" layout=\"button\" width=\"55\" show_faces=\"false\" font=\"arial\"><\/fb:like><\/div>","protected":false},"excerpt":{"rendered":"<p>&nbsp; &nbsp; Installations _____________________________________________________________________________ Salle de r\u00e9union Centre communautaire Salle de conseil Centre culturel Auditorium Salle de spectacle Galerie d&rsquo;art Salle de vid\u00e9o conf\u00e9rence Complexe sportif \u00c9difice commercial Syst\u00e8me d&rsquo;intercom<\/p>\n","protected":false},"author":1,"featured_media":0,"parent":0,"menu_order":0,"comment_status":"closed","ping_status":"open","template":"","meta":{"_monsterinsights_skip_tracking":false,"_monsterinsights_sitenote_active":false,"_monsterinsights_sitenote_note":"","_monsterinsights_sitenote_category":0,"ngg_post_thumbnail":0,"footnotes":""},"class_list":["post-4284","page","type-page","status-publish","hentry"],"_links":{"self":[{"href":"https:\/\/www.laudiom.com\/fr\/wp-json\/wp\/v2\/pages\/4284","targetHints":{"allow":["GET"]}}],"collection":[{"href":"https:\/\/www.laudiom.com\/fr\/wp-json\/wp\/v2\/pages"}],"about":[{"href":"https:\/\/www.laudiom.com\/fr\/wp-json\/wp\/v2\/types\/page"}],"author":[{"embeddable":true,"href":"https:\/\/www.laudiom.com\/fr\/wp-json\/wp\/v2\/users\/1"}],"replies":[{"embeddable":true,"href":"https:\/\/www.laudiom.com\/fr\/wp-json\/wp\/v2\/comments?post=4284"}],"version-history":[{"count":8,"href":"https:\/\/www.laudiom.com\/fr\/wp-json\/wp\/v2\/pages\/4284\/revisions"}],"predecessor-version":[{"id":4299,"href":"https:\/\/www.laudiom.com\/fr\/wp-json\/wp\/v2\/pages\/4284\/revisions\/4299"}],"wp:attachment":[{"href":"https:\/\/www.laudiom.com\/fr\/wp-json\/wp\/v2\/media?parent=4284"}],"curies":[{"name":"wp","href":"https:\/\/api.w.org\/{rel}","templated":true}]}}