{"id":4492,"date":"2016-03-05T14:48:49","date_gmt":"2016-03-05T19:48:49","guid":{"rendered":"https:\/\/www.laudiom.com\/fr\/?page_id=4492"},"modified":"2016-03-05T15:33:44","modified_gmt":"2016-03-05T20:33:44","slug":"integration","status":"publish","type":"page","link":"https:\/\/www.laudiom.com\/fr\/integration\/","title":{"rendered":"Int\u00e9gration"},"content":{"rendered":"<h2>En tant qu&rsquo;int\u00e9grateur de syst\u00e8mes, nous vous offrons des solutions modernes dans le domaine de l&rsquo;\u00e9ducation et de l&rsquo;institutionnel.<\/h2>\r\n<strong><span style=\"color: #000000;\">Voici quelques exemples :<\/span><\/strong>\r\n<ul>\r\n\t<li><strong><span style=\"color: #000000;\">Auditorium<\/span><\/strong><\/li>\r\n\t<li><strong><span style=\"color: #000000;\">Projection et syst\u00e8mes audio pour gymnase<\/span><\/strong><\/li>\r\n\t<li><strong><span style=\"color: #000000;\">Radio \u00e9tudiante<\/span><\/strong><\/li>\r\n\t<li><strong><span style=\"color: #000000;\">\u00c9crans plats et moniteurs<\/span><\/strong><\/li>\r\n\t<li><strong><span style=\"color: #000000;\">Syst\u00e8me d&rsquo;intercom<\/span><\/strong><\/li>\r\n<\/ul>\r\n&nbsp;\r\n<h2>Syst\u00e8me d&rsquo;int\u00e9gration pour le domaine public et priv\u00e9, de la conception \u00e0 la r\u00e9alisation.<\/h2>\r\n<strong>Voici quelques exemples :<\/strong>\r\n<ul>\r\n\t<li><strong>Salle de conf\u00e9rence &#8211; Projection et sonorisation<\/strong><\/li>\r\n\t<li><strong>Commerce de d\u00e9tail<\/strong><\/li>\r\n\t<li><strong>Restauration<\/strong><\/li>\r\n\t<li><strong>Lieu de culte<\/strong><\/li>\r\n\t<li><strong>H\u00f4tellerie<\/strong><\/li>\r\n\t<li><strong>Bar sportif<\/strong><\/li>\r\n\t<li><strong>Salle de r\u00e9ception<\/strong><\/li>\r\n\t<li><strong>Place communautaire<\/strong><\/li>\r\n\t<li><strong>Club de golf<\/strong><\/li>\r\n\t<li><strong>Centre sportif<\/strong><\/li>\r\n<\/ul>\r\n<strong>\u00a0<\/strong><div id=\"fb_share_1\" style=\"float: left; margin-left: 10px;;width: 55px;\" name=\"fb_share\"><div id=\"fb-root\"><\/div><script src=\"https:\/\/connect.facebook.net\/en_US\/all.js#appId=125029517579627&amp;xfbml=1\"><\/script><fb:like href=\"https:\/\/www.laudiom.com\/fr\/integration\/\" send=\"true\" layout=\"button\" width=\"55\" show_faces=\"false\" font=\"arial\"><\/fb:like><\/div>","protected":false},"excerpt":{"rendered":"<p>En tant qu&rsquo;int\u00e9grateur de syst\u00e8mes, nous vous offrons des solutions modernes dans le domaine de l&rsquo;\u00e9ducation et de l&rsquo;institutionnel. Voici quelques exemples : Auditorium Projection et syst\u00e8mes audio pour gymnase Radio \u00e9tudiante \u00c9crans plats et moniteurs Syst\u00e8me d&rsquo;intercom &nbsp; Syst\u00e8me d&rsquo;int\u00e9gration pour le domaine public et priv\u00e9, de la conception \u00e0 la r\u00e9alisation. Voici quelques [&hellip;]<\/p>\n","protected":false},"author":1,"featured_media":0,"parent":0,"menu_order":0,"comment_status":"closed","ping_status":"open","template":"","meta":{"_monsterinsights_skip_tracking":false,"_monsterinsights_sitenote_active":false,"_monsterinsights_sitenote_note":"","_monsterinsights_sitenote_category":0,"ngg_post_thumbnail":0,"footnotes":""},"class_list":["post-4492","page","type-page","status-publish","hentry"],"_links":{"self":[{"href":"https:\/\/www.laudiom.com\/fr\/wp-json\/wp\/v2\/pages\/4492","targetHints":{"allow":["GET"]}}],"collection":[{"href":"https:\/\/www.laudiom.com\/fr\/wp-json\/wp\/v2\/pages"}],"about":[{"href":"https:\/\/www.laudiom.com\/fr\/wp-json\/wp\/v2\/types\/page"}],"author":[{"embeddable":true,"href":"https:\/\/www.laudiom.com\/fr\/wp-json\/wp\/v2\/users\/1"}],"replies":[{"embeddable":true,"href":"https:\/\/www.laudiom.com\/fr\/wp-json\/wp\/v2\/comments?post=4492"}],"version-history":[{"count":3,"href":"https:\/\/www.laudiom.com\/fr\/wp-json\/wp\/v2\/pages\/4492\/revisions"}],"predecessor-version":[{"id":4520,"href":"https:\/\/www.laudiom.com\/fr\/wp-json\/wp\/v2\/pages\/4492\/revisions\/4520"}],"wp:attachment":[{"href":"https:\/\/www.laudiom.com\/fr\/wp-json\/wp\/v2\/media?parent=4492"}],"curies":[{"name":"wp","href":"https:\/\/api.w.org\/{rel}","templated":true}]}}