{"id":6552,"date":"2022-03-02T12:32:53","date_gmt":"2022-03-02T17:32:53","guid":{"rendered":"https:\/\/www.laudiom.com\/fr\/?page_id=6552"},"modified":"2022-03-02T13:35:38","modified_gmt":"2022-03-02T18:35:38","slug":"accueil","status":"publish","type":"page","link":"https:\/\/www.laudiom.com\/fr\/accueil\/","title":{"rendered":"Accueil"},"content":{"rendered":"\r\n<figure class=\"wp-block-image size-large is-style-default\"><img loading=\"lazy\" decoding=\"async\" width=\"1024\" height=\"216\" class=\"wp-image-3947\" src=\"https:\/\/www.laudiom.com\/fr\/wp-content\/uploads\/2014\/10\/LaudiomWEB-1024x216.jpg\" alt=\"Laudiom\" srcset=\"https:\/\/www.laudiom.com\/fr\/wp-content\/uploads\/2014\/10\/LaudiomWEB-1024x216.jpg 1024w, https:\/\/www.laudiom.com\/fr\/wp-content\/uploads\/2014\/10\/LaudiomWEB-600x127.jpg 600w, https:\/\/www.laudiom.com\/fr\/wp-content\/uploads\/2014\/10\/LaudiomWEB-300x63.jpg 300w, https:\/\/www.laudiom.com\/fr\/wp-content\/uploads\/2014\/10\/LaudiomWEB-930x196.jpg 930w, https:\/\/www.laudiom.com\/fr\/wp-content\/uploads\/2014\/10\/LaudiomWEB.jpg 1362w\" sizes=\"auto, (max-width: 1024px) 100vw, 1024px\" \/><\/figure>\r\n\r\n<h3 style=\"text-align: center;\"><strong>LUNDI AU VENDREDI DE 9H30 \u00c0 12H &#8211; 13H \u00c0 17H&nbsp; (Ferm\u00e9 de 12H \u00c0 13H). <br><\/strong><strong>SAMEDI DE 10H \u00c0 12H30<\/strong><\/h3>\r\n<ul>\r\n<li><strong>Conseillers sp\u00e9cialis\u00e9s disponibles sur place, par t\u00e9l\u00e9phone ou par courriel.&nbsp;<\/strong><\/li>\r\n<li><strong>Pour un rendez-vous ou des informations concernant la vente, la location, la r\u00e9paration ou la location de notre studio virtuel, communiquez avec nous au 450 347-7329 ou laissez un message.<\/strong><\/li>\r\n<\/ul>\r\n<h2 style=\"text-align: center;\"><strong>R\u00e9servez votre studio d\u00e8s maintenant!<br><\/strong><\/h2>\r\n<p>&nbsp;<\/p>\r\n<div class=\"csRow\">\r\n<div class=\"csColumnGap\" style=\"margin: 0px; padding: 0px; float: left; width: 1.56%;\"><img decoding=\"async\" style=\"border: none;\" src=\"https:\/\/www.laudiom.com\/fr\/wp-content\/plugins\/advanced-wp-columns\/assets\/js\/plugins\/views\/img\/1x1-pixel.png\"><\/div>\r\n<div class=\"csColumn\" style=\"margin: 0px; padding: 0px; float: left; width: 34.7%;\" data-csstartpoint=\"15\" data-csendpoint=\"348.5\" data-cswidth=\"34.7%\" data-csid=\"867ad387-907a-c298-bc9a-d6680e32f17c\">\r\n<p class=\"p2\"><strong><span class=\"s1\"><span class=\"Apple-converted-space\">&nbsp;<\/span><\/span>L\u2019industrie de l\u2019\u00e9v\u00e9nementiel, des performances en salle et des \u00e9v\u00e9nements corporatifs vivent une p\u00e9riode hors norme qui nous am\u00e8ne \u00e0 vous proposer un service de studio \u00e0 la fine pointe de la technologie vous permettant de performer dans un environnement hautement s\u00e9curitaire.<span class=\"Apple-converted-space\">&nbsp;<\/span><\/strong><\/p>\r\n<p class=\"p2\"><strong><span class=\"s1\"><span class=\"Apple-converted-space\">&nbsp;<\/span><\/span>D\u00e8s maintenant chez Laudiom, vous avez acc\u00e8s \u00e0 un studio offrant une r\u00e9gie vid\u00e9o de haute technologie, du personnel qualifi\u00e9 et une panoplie de plateformes num\u00e9riques tels que : Zoom, YouTube, Facebook, Skype, etc., vous permettant de diffuser le contenu de votre choix.<span class=\"Apple-converted-space\">&nbsp;<\/span><\/strong><\/p>\r\n<\/div>\r\n<div class=\"csColumnGap\" style=\"margin: 0px; padding: 0px; float: left; width: 1.25%;\"><img decoding=\"async\" style=\"border: none;\" src=\"https:\/\/www.laudiom.com\/fr\/wp-content\/plugins\/advanced-wp-columns\/assets\/js\/plugins\/views\/img\/1x1-pixel.png\"><\/div>\r\n<div class=\"csColumn\" style=\"margin: 0px; padding: 0px; float: left; width: 60.9%;\" data-csstartpoint=\"360.5\" data-csendpoint=\"945\" data-cswidth=\"60.9%\" data-csid=\"43fd15fc-a2ee-7593-aac6-39eda65d8df8\">\r\n<div style=\"width: 1920px;\" class=\"wp-video\"><video class=\"wp-video-shortcode\" id=\"video-6552-1\" width=\"1920\" height=\"1080\" poster=\"https:\/\/www.laudiom.com\/fr\/wp-content\/uploads\/2022\/03\/studio-thumbnail.png\" preload=\"metadata\" controls=\"controls\"><source type=\"video\/mp4\" src=\"https:\/\/www.laudiom.com\/fr\/wp-content\/uploads\/2022\/03\/Promo_Anim.mp4?_=1\" \/><a href=\"https:\/\/www.laudiom.com\/fr\/wp-content\/uploads\/2022\/03\/Promo_Anim.mp4\">https:\/\/www.laudiom.com\/fr\/wp-content\/uploads\/2022\/03\/Promo_Anim.mp4<\/a><\/video><\/div>\r\n<\/div>\r\n<div class=\"csColumnGap\" style=\"margin: 0px; padding: 0px; float: left; width: 1.56%;\"><img decoding=\"async\" style=\"border: none;\" src=\"https:\/\/www.laudiom.com\/fr\/wp-content\/plugins\/advanced-wp-columns\/assets\/js\/plugins\/views\/img\/1x1-pixel.png\"><\/div>\r\n<div style=\"clear: both; float: none; display: block; visibility: hidden; width: 0px; font-size: 0px; line-height: 0;\">&nbsp;<\/div>\r\n<\/div>\r\n<h1><strong>Le sp\u00e9cialiste de l&rsquo;\u00e9v\u00e9nement et du cl\u00e9 en main depuis plus de 40 ans<\/strong><\/h1>\r\n<p><strong>Au nombre des ann\u00e9es, notre \u00e9quipe a d\u00e9velopp\u00e9 une expertise de l&rsquo;\u00e9v\u00e9nementiel autant c\u00f4t\u00e9 sonorisation et \u00e9clairage que pour la projection vid\u00e9o ainsi que la conception d&rsquo;ambiance, gr\u00e2ce \u00e0 des effets architecturaux et des effets sp\u00e9ciaux.<\/strong><\/p>\r\n<p><strong>Nos sp\u00e9cialistes aguerris savent comment r\u00e9pondre \u00e0 vos exigences et m\u00eame au-del\u00e0, gr\u00e2ce a un parc d&rsquo;\u00e9quipements \u00e0 la fine pointe de la technologie et un service d&rsquo;installation int\u00e9rieur ou ext\u00e9rieur s\u00e9curitaire, rapide et esth\u00e9tique.<\/strong><\/p>\r\n<p><strong>Nous nous occupons de l&rsquo;ensemble de votre projet, qu&rsquo;il soit permanent ou temporaire et nous ferons le suivi avec vous pour maximiser votre choix de mat\u00e9riel et faire de votre \u00e9v\u00e9nement une r\u00e9ussite dont les participants se souviendront longtemps.<\/strong><\/p>\r\n<h2><strong>R\u00e9paration<\/strong><\/h2>\r\n<p><strong>Notre d\u00e9partement de r\u00e9paration se charge de l&rsquo;entretien de vos \u00e9quipements de son, d&rsquo;\u00e9clairage et de vid\u00e9o. <\/strong><strong>Nous effectuons le service sur la plupart des grandes marques (Shure, ElectroVoice, Yamaha, QSC, Leprecon, Panasonic, etc.) dans un d\u00e9lai raisonnable. <\/strong><strong>Nous offrons aussi un service de d\u00e9pannage afin que vous continuez votre projet sans retard.<\/strong><\/p>\r\n<h2 style=\"text-align: center;\">&nbsp;<\/h2>\r\n<h2 style=\"text-align: center;\">\u00c9quipements professionnels \u00e0 prix imbattables<\/h2>\r\n<h4 style=\"text-align: center;\"><span style=\"color: #800000;\">Consoles, haut-parleurs, amplificateurs, microphones, \u00e9clairage, etc.<\/span><\/h4>\r\n<h3 style=\"text-align: center;\"><span style=\"color: #0000ff;\">Plusieurs marques r\u00e9put\u00e9es tel que :<\/span><\/h3>\r\n<p style=\"text-align: center;\"><a href=\"https:\/\/www.laudiom.com\/fr\/wp-content\/uploads\/2011\/10\/HomePageImage3.jpg\"><img loading=\"lazy\" decoding=\"async\" class=\"alignnone wp-image-5516 aligncenter\" src=\"https:\/\/www.laudiom.com\/fr\/wp-content\/uploads\/2011\/10\/HomePageImage3-300x112.jpg\" alt=\"\" width=\"651\" height=\"243\" srcset=\"https:\/\/www.laudiom.com\/fr\/wp-content\/uploads\/2011\/10\/HomePageImage3-300x112.jpg 300w, https:\/\/www.laudiom.com\/fr\/wp-content\/uploads\/2011\/10\/HomePageImage3-80x30.jpg 80w, https:\/\/www.laudiom.com\/fr\/wp-content\/uploads\/2011\/10\/HomePageImage3.jpg 595w\" sizes=\"auto, (max-width: 651px) 100vw, 651px\" \/><\/a><a href=\"https:\/\/www.laudiom.com\/fr\/wp-content\/uploads\/2019\/11\/LogoF2.jpg\"><img loading=\"lazy\" decoding=\"async\" class=\"wp-image-5791 aligncenter\" src=\"https:\/\/www.laudiom.com\/fr\/wp-content\/uploads\/2019\/11\/LogoF2.jpg\" alt=\"\" width=\"617\" height=\"266\" srcset=\"https:\/\/www.laudiom.com\/fr\/wp-content\/uploads\/2019\/11\/LogoF2.jpg 775w, https:\/\/www.laudiom.com\/fr\/wp-content\/uploads\/2019\/11\/LogoF2-600x259.jpg 600w, https:\/\/www.laudiom.com\/fr\/wp-content\/uploads\/2019\/11\/LogoF2-300x129.jpg 300w, https:\/\/www.laudiom.com\/fr\/wp-content\/uploads\/2019\/11\/LogoF2-768x331.jpg 768w\" sizes=\"auto, (max-width: 617px) 100vw, 617px\" \/><\/a>&nbsp;&nbsp;<\/p>\r\n<div class=\"advanced_wp_columns_wrapper \" style=\"margin: 45px 0; padding: 0px; width: 600px; max-width: 100%;\">\r\n<div class=\"advanced_wp_column\" style=\"float: left; margin: 0px; padding: 0px; width: 390px; text-align: left;\">\r\n<div class=\"iconbox\">\r\n<p><span class=\"iconbox_icon\"><img decoding=\"async\" src=\"https:\/\/www.laudiom.com\/fr\/wp-content\/themes\/abundance\/images\/icons\/iconbox\/go-home.png\"><\/span><\/p>\r\n<div class=\"iconbox_content\">\r\n<h3 class=\"iconbox_content_title\">Visitez notre boutique<\/h3>\r\n<p><a title=\"Visite virtuelle\" href=\"https:\/\/www.laudiom.com\/fr\/visite-guidee\/\">Visite virtuelle<\/a><\/p>\r\n<\/div>\r\n<\/div>\r\n<\/div>\r\n<div class=\"advanced_wp_column\" style=\"float: left; margin: 0px; padding: 0px; width: 390px; text-align: left;\">&nbsp;<\/div>\r\n<div class=\"iconbox\">\r\n<p style=\"text-align: left;\"><span class=\"iconbox_icon\"><img decoding=\"async\" src=\"https:\/\/www.laudiom.com\/fr\/wp-content\/themes\/abundance\/images\/icons\/iconbox\/applications-internet.png\" alt=\"\"><\/span><\/p>\r\n<div class=\"iconbox_content\">\r\n<h3 class=\"iconbox_content_title\" style=\"text-align: left;\">Acc\u00e9der au formulaire<\/h3>\r\n<p style=\"text-align: left;\"><a title=\"Soumission en ligne\" href=\"https:\/\/www.laudiom.com\/fr\/soumission-en-ligne\/\">Soumission en ligne<\/a><\/p>\r\n<\/div>\r\n<\/div>\r\n<\/div>\r\n<p><script type=\"mce-mce-mce-text\/javascript\">\/\/ <![CDATA[ (function(i,s,o,g,r,a,m){i['GoogleAnalyticsObject']=r;i[r]=i[r]||function(){ (i[r].q=i[r].q||[]).push(arguments)},i[r].l=1*new Date();a=s.createElement(o), m=s.getElementsByTagName(o)[0];a.async=1;a.src=g;m.parentNode.insertBefore(a,m) })(window,document,'script','\/\/www.google-analytics.com\/analytics.js','ga'); ga('create', 'UA-34753504-1', 'laudiom.com'); ga('send', 'pageview'); \/\/ ]]><\/script><\/p><div id=\"fb_share_1\" style=\"float: left; margin-left: 10px;;width: 55px;\" name=\"fb_share\"><div id=\"fb-root\"><\/div><script src=\"https:\/\/connect.facebook.net\/en_US\/all.js#appId=125029517579627&amp;xfbml=1\"><\/script><fb:like href=\"https:\/\/www.laudiom.com\/fr\/accueil\/\" send=\"true\" layout=\"button\" width=\"55\" show_faces=\"false\" font=\"arial\"><\/fb:like><\/div>","protected":false},"excerpt":{"rendered":"<p>LUNDI AU VENDREDI DE 9H30 \u00c0 12H &#8211; 13H \u00c0 17H&nbsp; (Ferm\u00e9 de 12H \u00c0 13H). SAMEDI DE 10H \u00c0 12H30 Conseillers sp\u00e9cialis\u00e9s disponibles sur place, par t\u00e9l\u00e9phone ou par courriel.&nbsp; Pour un rendez-vous ou des informations concernant la vente, la location, la r\u00e9paration ou la location de notre studio virtuel, communiquez avec nous au [&hellip;]<\/p>\n","protected":false},"author":28,"featured_media":0,"parent":0,"menu_order":0,"comment_status":"closed","ping_status":"closed","template":"","meta":{"_monsterinsights_skip_tracking":false,"_monsterinsights_sitenote_active":false,"_monsterinsights_sitenote_note":"","_monsterinsights_sitenote_category":0,"ngg_post_thumbnail":0,"footnotes":""},"class_list":["post-6552","page","type-page","status-publish","hentry"],"_links":{"self":[{"href":"https:\/\/www.laudiom.com\/fr\/wp-json\/wp\/v2\/pages\/6552","targetHints":{"allow":["GET"]}}],"collection":[{"href":"https:\/\/www.laudiom.com\/fr\/wp-json\/wp\/v2\/pages"}],"about":[{"href":"https:\/\/www.laudiom.com\/fr\/wp-json\/wp\/v2\/types\/page"}],"author":[{"embeddable":true,"href":"https:\/\/www.laudiom.com\/fr\/wp-json\/wp\/v2\/users\/28"}],"replies":[{"embeddable":true,"href":"https:\/\/www.laudiom.com\/fr\/wp-json\/wp\/v2\/comments?post=6552"}],"version-history":[{"count":6,"href":"https:\/\/www.laudiom.com\/fr\/wp-json\/wp\/v2\/pages\/6552\/revisions"}],"predecessor-version":[{"id":6560,"href":"https:\/\/www.laudiom.com\/fr\/wp-json\/wp\/v2\/pages\/6552\/revisions\/6560"}],"wp:attachment":[{"href":"https:\/\/www.laudiom.com\/fr\/wp-json\/wp\/v2\/media?parent=6552"}],"curies":[{"name":"wp","href":"https:\/\/api.w.org\/{rel}","templated":true}]}}