{"id":749,"date":"2012-05-23T00:57:30","date_gmt":"2012-05-23T00:57:30","guid":{"rendered":"https:\/\/www.influencedesign.ca\/?page_id=749"},"modified":"2020-11-10T15:54:04","modified_gmt":"2020-11-10T20:54:04","slug":"services","status":"publish","type":"page","link":"https:\/\/www.laudiom.com\/fr\/services\/","title":{"rendered":"Services"},"content":{"rendered":"<h2><strong><a href=\"https:\/\/www.laudiom.com\/fr\/wp-content\/uploads\/2014\/10\/AtelierP.jpg\"><img loading=\"lazy\" decoding=\"async\" class=\"wp-image-4053 aligncenter\" title=\"AtelierP\" src=\"https:\/\/www.laudiom.com\/fr\/wp-content\/uploads\/2014\/10\/AtelierP-300x224.jpg\" alt=\"\" width=\"585\" height=\"437\" srcset=\"https:\/\/www.laudiom.com\/fr\/wp-content\/uploads\/2014\/10\/AtelierP-300x224.jpg 300w, https:\/\/www.laudiom.com\/fr\/wp-content\/uploads\/2014\/10\/AtelierP.jpg 922w\" sizes=\"auto, (max-width: 585px) 100vw, 585px\" \/><\/a><\/strong><\/h2>\n<h2 style=\"text-align: center;\"><strong>Service de r\u00e9paration<\/strong><\/h2>\n&nbsp;\n\n<strong>Nous r\u00e9parons les principales marques de syst\u00e8me de son et autres appareils \u00e9lectroniques tels que<\/strong>\n\n<strong><a href=\"https:\/\/www.laudiom.com\/fr\/wp-content\/uploads\/2012\/05\/jbl.gif\"><img loading=\"lazy\" decoding=\"async\" class=\"alignleft\" title=\"jbl\" src=\"https:\/\/www.laudiom.com\/fr\/wp-content\/uploads\/2012\/05\/jbl.gif\" alt=\"\" width=\"100\" height=\"101\"><\/a>&nbsp;&nbsp;&nbsp;&nbsp; <\/strong><a href=\"https:\/\/www.laudiom.com\/fr\/wp-content\/uploads\/2012\/05\/mackie.jpg\"><img loading=\"lazy\" decoding=\"async\" class=\"alignleft\" title=\"mackie\" src=\"https:\/\/www.laudiom.com\/fr\/wp-content\/uploads\/2012\/05\/mackie.jpg\" alt=\"\" width=\"110\" height=\"14\"><\/a>&nbsp;&nbsp;&nbsp;&nbsp; <a href=\"https:\/\/www.laudiom.com\/fr\/wp-content\/uploads\/2012\/05\/Numark.jpg\"><img loading=\"lazy\" decoding=\"async\" class=\"alignleft\" title=\"Numark\" src=\"https:\/\/www.laudiom.com\/fr\/wp-content\/uploads\/2012\/05\/Numark-300x52.jpg\" alt=\"\" width=\"138\" height=\"17\"><\/a>&nbsp;&nbsp;&nbsp;&nbsp;&nbsp;&nbsp; <a href=\"https:\/\/www.laudiom.com\/fr\/wp-content\/uploads\/2012\/05\/samson.gif\"><img loading=\"lazy\" decoding=\"async\" class=\"alignleft\" title=\"samson\" src=\"https:\/\/www.laudiom.com\/fr\/wp-content\/uploads\/2012\/05\/samson.gif\" alt=\"\" width=\"175\" height=\"34\"><\/a>&nbsp;&nbsp;&nbsp; <a href=\"https:\/\/www.laudiom.com\/fr\/wp-content\/uploads\/2012\/05\/pioneer.jpg\"><img loading=\"lazy\" decoding=\"async\" class=\"alignleft\" title=\"pioneer\" src=\"https:\/\/www.laudiom.com\/fr\/wp-content\/uploads\/2012\/05\/pioneer.jpg\" alt=\"\" width=\"110\" height=\"16\"><\/a>\n<h2>&nbsp;<\/h2>\n<ul>\n \t<li type=\"circle\">Confiez vos r\u00e9parations \u00e0 nos techniciens qualifi\u00e9s.<\/li>\n \t<li type=\"circle\">Une estimation des co\u00fbts de r\u00e9paration est fournie sur demande.<\/li>\n \t<li type=\"circle\">Nos r\u00e9parations sont rapides et garanties.<\/li>\n<\/ul>\n<p align=\"left\">&nbsp;<\/p>\n\n<h2 align=\"left\"><strong>Service de consultation<\/strong><\/h2>\n<div align=\"left\">\n<ul>\n \t<li type=\"disc\">Conseiller en acoustique<\/li>\n \t<li type=\"disc\">Sonorisateur<\/li>\n \t<li type=\"disc\">Programmeur-\u00e9clairagiste<\/li>\n \t<li type=\"disc\">Technicien en accrochage, monteur<\/li>\n \t<li type=\"disc\">Technicien vid\u00e9o<\/li>\n \t<li type=\"disc\">Chef \u00e9lectrique<\/li>\n \t<li type=\"disc\">Direction technique<\/li>\n<\/ul>\n<\/div>\n&nbsp;\n<h2><strong>Guides Audio<\/strong><\/h2>\n<ul>\n \t<li>Appeler nous pour tous vos besoins en \u00e9quipement de visites guid\u00e9es, tel que les audio-guides.<\/li>\n<\/ul>\n&nbsp;\n\n<script type=\"text\/javascript\">\/\/ <![CDATA[ (function(i,s,o,g,r,a,m){i['GoogleAnalyticsObject']=r;i[r]=i[r]||function(){ (i[r].q=i[r].q||[]).push(arguments)},i[r].l=1*new Date();a=s.createElement(o), m=s.getElementsByTagName(o)[0];a.async=1;a.src=g;m.parentNode.insertBefore(a,m) })(window,document,'script','\/\/www.google-analytics.com\/analytics.js','ga'); ga('create', 'UA-34753504-1', 'laudiom.com'); ga('send', 'pageview'); \/\/ ]]><\/script><div id=\"fb_share_1\" style=\"float: left; margin-left: 10px;;width: 55px;\" name=\"fb_share\"><div id=\"fb-root\"><\/div><script src=\"https:\/\/connect.facebook.net\/en_US\/all.js#appId=125029517579627&amp;xfbml=1\"><\/script><fb:like href=\"https:\/\/www.laudiom.com\/fr\/services\/\" send=\"true\" layout=\"button\" width=\"55\" show_faces=\"false\" font=\"arial\"><\/fb:like><\/div>","protected":false},"excerpt":{"rendered":"<p>Service de r\u00e9paration &nbsp; Nous r\u00e9parons les principales marques de syst\u00e8me de son et autres appareils \u00e9lectroniques tels que &nbsp;&nbsp;&nbsp;&nbsp; &nbsp;&nbsp;&nbsp;&nbsp; &nbsp;&nbsp;&nbsp;&nbsp;&nbsp;&nbsp; &nbsp;&nbsp;&nbsp; &nbsp; Confiez vos r\u00e9parations \u00e0 nos techniciens qualifi\u00e9s. Une estimation des co\u00fbts de r\u00e9paration est fournie sur demande. Nos r\u00e9parations sont rapides et garanties. &nbsp; Service de consultation Conseiller en acoustique Sonorisateur [&hellip;]<\/p>\n","protected":false},"author":1,"featured_media":0,"parent":0,"menu_order":0,"comment_status":"closed","ping_status":"closed","template":"","meta":{"_monsterinsights_skip_tracking":false,"_monsterinsights_sitenote_active":false,"_monsterinsights_sitenote_note":"","_monsterinsights_sitenote_category":0,"ngg_post_thumbnail":0,"footnotes":""},"class_list":["post-749","page","type-page","status-publish","hentry"],"_links":{"self":[{"href":"https:\/\/www.laudiom.com\/fr\/wp-json\/wp\/v2\/pages\/749","targetHints":{"allow":["GET"]}}],"collection":[{"href":"https:\/\/www.laudiom.com\/fr\/wp-json\/wp\/v2\/pages"}],"about":[{"href":"https:\/\/www.laudiom.com\/fr\/wp-json\/wp\/v2\/types\/page"}],"author":[{"embeddable":true,"href":"https:\/\/www.laudiom.com\/fr\/wp-json\/wp\/v2\/users\/1"}],"replies":[{"embeddable":true,"href":"https:\/\/www.laudiom.com\/fr\/wp-json\/wp\/v2\/comments?post=749"}],"version-history":[{"count":46,"href":"https:\/\/www.laudiom.com\/fr\/wp-json\/wp\/v2\/pages\/749\/revisions"}],"predecessor-version":[{"id":6406,"href":"https:\/\/www.laudiom.com\/fr\/wp-json\/wp\/v2\/pages\/749\/revisions\/6406"}],"wp:attachment":[{"href":"https:\/\/www.laudiom.com\/fr\/wp-json\/wp\/v2\/media?parent=749"}],"curies":[{"name":"wp","href":"https:\/\/api.w.org\/{rel}","templated":true}]}}