{"id":813,"date":"2012-05-23T01:53:10","date_gmt":"2012-05-23T01:53:10","guid":{"rendered":"https:\/\/www.influencedesign.ca\/?page_id=813"},"modified":"2020-08-25T14:20:15","modified_gmt":"2020-08-25T18:20:15","slug":"location-dequipement-de-sonorisation","status":"publish","type":"page","link":"https:\/\/www.laudiom.com\/fr\/location-dequipement-de-sonorisation\/","title":{"rendered":"Location d&rsquo;\u00e9quipement de sonorisation"},"content":{"rendered":"\r\n<figure class=\"wp-block-image size-large\"><img loading=\"lazy\" decoding=\"async\" class=\"wp-image-4273 aligncenter\" src=\"https:\/\/www.laudiom.com\/fr\/wp-content\/uploads\/2011\/10\/Yamaha-TF1-1024x639.jpg\" alt=\"\u00c9quipements de sonorisation\" width=\"550\" height=\"343\" srcset=\"https:\/\/www.laudiom.com\/fr\/wp-content\/uploads\/2011\/10\/Yamaha-TF1-1024x639.jpg 1024w, https:\/\/www.laudiom.com\/fr\/wp-content\/uploads\/2011\/10\/Yamaha-TF1-600x375.jpg 600w, https:\/\/www.laudiom.com\/fr\/wp-content\/uploads\/2011\/10\/Yamaha-TF1-300x187.jpg 300w, https:\/\/www.laudiom.com\/fr\/wp-content\/uploads\/2011\/10\/Yamaha-TF1-930x580.jpg 930w\" sizes=\"auto, (max-width: 550px) 100vw, 550px\" \/>\r\n<figcaption>Laudiom vous propose un \u00e9ventail complet d&rsquo;\u00e9quipement audio et de syst\u00e8me de son professionnel pour votre \u00e9v\u00e9nement, quel qu&rsquo;en soit sa taille.<\/figcaption>\r\n<\/figure>\r\n\r\n<ul>\r\n<li>Lancement<\/li>\r\n<li>Assembl\u00e9e annuelle<\/li>\r\n<li>Congr\u00e8s<\/li>\r\n<li>Conf\u00e9rence<\/li>\r\n<li>\u00c9v\u00e9nement corporatif<\/li>\r\n<li>Gala, Tournoi de golf<\/li>\r\n<li>Bal de finissants<\/li>\r\n<li>Activit\u00e9 sportive<\/li>\r\n<\/ul>\r\n<p>&nbsp;<\/p>\r\n<h2>Aper\u00e7u de l&rsquo;\u00e9quipement de sonorisation disponible<\/h2>\r\n<p>&nbsp;<\/p>\r\n<p><img loading=\"lazy\" decoding=\"async\" class=\"alignnone wp-image-5315\" src=\"https:\/\/www.laudiom.com\/fr\/wp-content\/uploads\/2012\/05\/M7CL.jpg\" alt=\"m7cl\" width=\"447\" height=\"208\"><\/p>\r\n<p><img loading=\"lazy\" decoding=\"async\" class=\"alignnone wp-image-5313\" src=\"https:\/\/www.laudiom.com\/fr\/wp-content\/uploads\/2012\/05\/Midas-M32.png\" alt=\"midas-m32\" width=\"370\" height=\"235\" srcset=\"https:\/\/www.laudiom.com\/fr\/wp-content\/uploads\/2012\/05\/Midas-M32.png 800w, https:\/\/www.laudiom.com\/fr\/wp-content\/uploads\/2012\/05\/Midas-M32-600x380.png 600w, https:\/\/www.laudiom.com\/fr\/wp-content\/uploads\/2012\/05\/Midas-M32-300x190.png 300w, https:\/\/www.laudiom.com\/fr\/wp-content\/uploads\/2012\/05\/Midas-M32-768x486.png 768w\" sizes=\"auto, (max-width: 370px) 100vw, 370px\" \/><\/p>\r\n<p><img loading=\"lazy\" decoding=\"async\" class=\"alignnone wp-image-5309\" src=\"https:\/\/www.laudiom.com\/fr\/wp-content\/uploads\/2012\/05\/Yamaha-TF.png\" alt=\"yamaha-tf\" width=\"350\" height=\"183\" srcset=\"https:\/\/www.laudiom.com\/fr\/wp-content\/uploads\/2012\/05\/Yamaha-TF.png 794w, https:\/\/www.laudiom.com\/fr\/wp-content\/uploads\/2012\/05\/Yamaha-TF-600x314.png 600w, https:\/\/www.laudiom.com\/fr\/wp-content\/uploads\/2012\/05\/Yamaha-TF-300x157.png 300w, https:\/\/www.laudiom.com\/fr\/wp-content\/uploads\/2012\/05\/Yamaha-TF-768x401.png 768w\" sizes=\"auto, (max-width: 350px) 100vw, 350px\" \/><\/p>\r\n<div class=\"advanced_wp_columns_wrapper \" style=\"margin: 45px 0; padding: 0px; width: 100%; max-width: 100%;\">\r\n<div class=\"advanced_wp_column\" style=\"float: left; margin: 0px; padding: 0px; width: 350px;\">\r\n<p><strong>Consoles<\/strong><\/p>\r\n<ul>\r\n<li>Yamaha M7CL<\/li>\r\n<li>Yamaha TF1, TF3, TF5<\/li>\r\n<li>Midas M32<\/li>\r\n<li>Behringer X32<\/li>\r\n<li>Soundcraft<\/li>\r\n<li>Mackie<\/li>\r\n<li>Allen and Heath<\/li>\r\n<\/ul>\r\n<p><strong>Processeurs de signal<\/strong><\/p>\r\n<ul>\r\n<li>&nbsp;Aphex<\/li>\r\n<li>Ashly<\/li>\r\n<li>BSS<\/li>\r\n<li>DBX<\/li>\r\n<li>Digitech<\/li>\r\n<li>Klark Teknik<\/li>\r\n<li>Lexicon<\/li>\r\n<li>Rane<\/li>\r\n<li>Roland<\/li>\r\n<li>Samson<\/li>\r\n<li>TC Electronic<\/li>\r\n<li>Yamaha<\/li>\r\n<\/ul>\r\n<p><strong>Amplificateurs<\/strong><\/p>\r\n<ul>\r\n<li>QSC<\/li>\r\n<li>Crown<\/li>\r\n<li>Samson<\/li>\r\n<li>American Audio<\/li>\r\n<li>Aphex<\/li>\r\n<li style=\"text-align: left;\">Ashly<\/li>\r\n<\/ul>\r\n<\/div>\r\n<div class=\"advanced_wp_column\" style=\"float: left; margin: 0px; padding: 0px; width: 350px;\">\r\n<p><strong>Haut-Parleurs et moniteurs<\/strong><\/p>\r\n<ul>\r\n<li>QSC<\/li>\r\n<li>JBL<\/li>\r\n<li>dB Technologies<\/li>\r\n<li>Transparence<\/li>\r\n<li>DAS<\/li>\r\n<li>Electro-Voice<\/li>\r\n<li>Samson<\/li>\r\n<li style=\"text-align: left;\">American Audio<\/li>\r\n<\/ul>\r\n<p><strong>Microphones (avec ou sans-fil)<\/strong><\/p>\r\n<ul>\r\n<li>Shure<\/li>\r\n<li>AKG<\/li>\r\n<li>Sennheiser<\/li>\r\n<li>Crown<\/li>\r\n<li>Samson<\/li>\r\n<li>Audio-Technica<\/li>\r\n<li>Audix<\/li>\r\n<\/ul>\r\n<p><strong>\u00c9quipement de DJ<\/strong><\/p>\r\n<ul>\r\n<li>Denon<\/li>\r\n<li>Numark<\/li>\r\n<li>Stanton<\/li>\r\n<li>American DJ<\/li>\r\n<li>Pioneer<\/li>\r\n<li>Vestax<\/li>\r\n<\/ul>\r\n<p><strong>Communication<\/strong><\/p>\r\n<ul>\r\n<li>Fostex<\/li>\r\n<li>Clear-Com<\/li>\r\n<li>Telex sans-fil<\/li>\r\n<li>Walkie-Talkie<\/li>\r\n<li>Audio-Guides<\/li>\r\n<\/ul>\r\n<\/div>\r\n<\/div>\r\n<p>&nbsp;<br>&nbsp;<br><img loading=\"lazy\" decoding=\"async\" class=\"alignnone size-medium wp-image-4409\" title=\"Location-Son-9\" src=\"https:\/\/www.laudiom.com\/fr\/wp-content\/uploads\/2015\/12\/Location-Son-9-300x225.jpg\" alt=\"\" width=\"300\" height=\"225\" srcset=\"https:\/\/www.laudiom.com\/fr\/wp-content\/uploads\/2015\/12\/Location-Son-9-300x225.jpg 300w, https:\/\/www.laudiom.com\/fr\/wp-content\/uploads\/2015\/12\/Location-Son-9-scaled-600x450.jpg 600w, https:\/\/www.laudiom.com\/fr\/wp-content\/uploads\/2015\/12\/Location-Son-9-1024x768.jpg 1024w, https:\/\/www.laudiom.com\/fr\/wp-content\/uploads\/2015\/12\/Location-Son-9-930x697.jpg 930w\" sizes=\"auto, (max-width: 300px) 100vw, 300px\" \/><\/p>\r\n<p><script type=\"text\/javascript\">\/\/ <![CDATA[ (function(i,s,o,g,r,a,m){i['GoogleAnalyticsObject']=r;i[r]=i[r]||function(){ (i[r].q=i[r].q||[]).push(arguments)},i[r].l=1*new Date();a=s.createElement(o), m=s.getElementsByTagName(o)[0];a.async=1;a.src=g;m.parentNode.insertBefore(a,m) })(window,document,'script','\/\/www.google-analytics.com\/analytics.js','ga'); ga('create', 'UA-34753504-1', 'laudiom.com'); ga('send', 'pageview'); \/\/ ]]><\/script><\/p><div id=\"fb_share_1\" style=\"float: left; margin-left: 10px;;width: 55px;\" name=\"fb_share\"><div id=\"fb-root\"><\/div><script src=\"https:\/\/connect.facebook.net\/en_US\/all.js#appId=125029517579627&amp;xfbml=1\"><\/script><fb:like href=\"https:\/\/www.laudiom.com\/fr\/location-dequipement-de-sonorisation\/\" send=\"true\" layout=\"button\" width=\"55\" show_faces=\"false\" font=\"arial\"><\/fb:like><\/div>","protected":false},"excerpt":{"rendered":"<p>Lancement Assembl\u00e9e annuelle Congr\u00e8s Conf\u00e9rence \u00c9v\u00e9nement corporatif Gala, Tournoi de golf Bal de finissants Activit\u00e9 sportive &nbsp; Aper\u00e7u de l&rsquo;\u00e9quipement de sonorisation disponible &nbsp; Consoles Yamaha M7CL Yamaha TF1, TF3, TF5 Midas M32 Behringer X32 Soundcraft Mackie Allen and Heath Processeurs de signal &nbsp;Aphex Ashly BSS DBX Digitech Klark Teknik Lexicon Rane Roland Samson TC [&hellip;]<\/p>\n","protected":false},"author":1,"featured_media":0,"parent":0,"menu_order":0,"comment_status":"closed","ping_status":"closed","template":"","meta":{"_monsterinsights_skip_tracking":false,"_monsterinsights_sitenote_active":false,"_monsterinsights_sitenote_note":"","_monsterinsights_sitenote_category":0,"ngg_post_thumbnail":0,"footnotes":""},"class_list":["post-813","page","type-page","status-publish","hentry"],"_links":{"self":[{"href":"https:\/\/www.laudiom.com\/fr\/wp-json\/wp\/v2\/pages\/813","targetHints":{"allow":["GET"]}}],"collection":[{"href":"https:\/\/www.laudiom.com\/fr\/wp-json\/wp\/v2\/pages"}],"about":[{"href":"https:\/\/www.laudiom.com\/fr\/wp-json\/wp\/v2\/types\/page"}],"author":[{"embeddable":true,"href":"https:\/\/www.laudiom.com\/fr\/wp-json\/wp\/v2\/users\/1"}],"replies":[{"embeddable":true,"href":"https:\/\/www.laudiom.com\/fr\/wp-json\/wp\/v2\/comments?post=813"}],"version-history":[{"count":71,"href":"https:\/\/www.laudiom.com\/fr\/wp-json\/wp\/v2\/pages\/813\/revisions"}],"predecessor-version":[{"id":6270,"href":"https:\/\/www.laudiom.com\/fr\/wp-json\/wp\/v2\/pages\/813\/revisions\/6270"}],"wp:attachment":[{"href":"https:\/\/www.laudiom.com\/fr\/wp-json\/wp\/v2\/media?parent=813"}],"curies":[{"name":"wp","href":"https:\/\/api.w.org\/{rel}","templated":true}]}}