{"id":915,"date":"2012-06-05T18:31:40","date_gmt":"2012-06-05T18:31:40","guid":{"rendered":"https:\/\/www.influencedesign.ca\/?page_id=915"},"modified":"2020-08-25T15:11:11","modified_gmt":"2020-08-25T19:11:11","slug":"projets-cle-en-main","status":"publish","type":"page","link":"https:\/\/www.laudiom.com\/fr\/projets-cle-en-main\/","title":{"rendered":"Projets cl\u00e9-en-main"},"content":{"rendered":"&nbsp;\r\n<h4 style=\"text-align: left;\"><strong>Nous assurons la logistique de vos \u00e9v\u00e9nements !<\/strong><\/h4>\r\nSi vous recherchez un moyen de diminuer le poids de vos responsabilit\u00e9s lors de la tenue de vos \u00e9v\u00e9nements, laisser cette partie du travail aux professionnels qualifi\u00e9s de Laudiom. Donnez-vous ainsi le temps de vous concentrer plus \u00e0 fond sur l&rsquo;organisation et la promotion de :\r\n<div class=\"advanced_wp_columns_wrapper \" style=\"margin: 0px; padding: 0px; width: 100%; max-width: 100%;\">\r\n<div class=\"advanced_wp_column \" style=\"float: left; margin: 0px; padding: 0px; width: 300px;\">\r\n<ul>\r\n \t<li>Festivals<\/li>\r\n \t<li>Congr\u00e8s<\/li>\r\n \t<li>Expositions<\/li>\r\n \t<li>Galas<\/li>\r\n \t<li>Banquets<\/li>\r\n<\/ul>\r\n<\/div>\r\n<div class=\"advanced_wp_column \" style=\"float: left; margin: 0px; padding: 0px; width: 300px;\">\r\n<ul>\r\n \t<li>F\u00eates champ\u00eatres<\/li>\r\n \t<li>F\u00eates d&rsquo;entreprises<\/li>\r\n \t<li>Colloques<\/li>\r\n \t<li>Assembl\u00e9es<\/li>\r\n \t<li>D\u00e9fil\u00e9es de mode<\/li>\r\n<\/ul>\r\n<\/div>\r\n<div class=\"advanced_wp_column \" style=\"float: left; margin: 0px; padding: 0px; width: 300px;\">\r\n<ul>\r\n \t<li>Conf\u00e9rences de presse<\/li>\r\n \t<li>Lancements de produits<\/li>\r\n \t<li>Tournois de golf<\/li>\r\n \t<li>Tourn\u00e9es de spectacles<\/li>\r\n \t<li>\u00c9v\u00e9nements sportifs<\/li>\r\n<\/ul>\r\n<\/div>\r\n<\/div>\r\n&nbsp;\r\n\r\n<strong>Notre service comprend :<\/strong>\r\n<ul>\r\n \t<li type=\"disc\">\u00c9laboration d&rsquo;un plan technique<\/li>\r\n \t<li type=\"disc\">Conception d&rsquo;un ou plusieurs th\u00e8mes<\/li>\r\n \t<li type=\"disc\">Logistique d&rsquo;\u00e9v\u00e8nements<\/li>\r\n<\/ul>\r\n&nbsp;\r\n\r\n<strong>Voici une liste des services disponibles :<\/strong>\r\n<div class=\"advanced_wp_columns_wrapper \" style=\"margin: 0 0 45px; padding: 0px; width: 100%; max-width: 100%; min-height: 95px;\">\r\n<div class=\"advanced_wp_column \" style=\"float: left; margin: 0px; padding: 0px; width: 460px; max-width: 100%;\">\r\n<ul>\r\n \t<li>Sonorisation<\/li>\r\n \t<li>\u00c9clairage<\/li>\r\n \t<li>Sc\u00e8nes int\u00e9rieures \/ ext\u00e9rieures<\/li>\r\n \t<li>\u00c9crans g\u00e9ants<\/li>\r\n \t<li>\u00c9quipements de projections<\/li>\r\n \t<li>Chapiteaux<\/li>\r\n \t<li>Rideaux de sc\u00e8ne<\/li>\r\n<\/ul>\r\n<\/div>\r\n<div class=\"advanced_wp_column \" style=\"float: left; margin: 0px; padding: 0px; width: 460px; max-width: 100%;\">\r\n<ul>\r\n \t<li>\u00c9quipements d&rsquo;expositions<\/li>\r\n \t<li>D\u00e9coration<\/li>\r\n \t<li>Distribution \u00e9lectrique<\/li>\r\n \t<li>Programmation des spectacles et animations<\/li>\r\n \t<li>Service de s\u00e9curit\u00e9<\/li>\r\n \t<li>Service de communication<\/li>\r\n<\/ul>\r\n<\/div>\r\n<\/div>\r\n&nbsp;\r\n<div style=\"width: 100%; margin: 45px 0;\">\r\n\r\n<strong>Notre promesse :&nbsp; <\/strong>Nous travaillons en \u00e9quipe avec vous afin d&rsquo;assurer la r\u00e9ussite de vos \u00e9v\u00e9nements et la satisfaction de vos participants et spectateurs.\r\n\r\n<\/div>\r\n<script type=\"mce-text\/javascript\">\/\/ <![CDATA[ (function(i,s,o,g,r,a,m){i['GoogleAnalyticsObject']=r;i[r]=i[r]||function(){ (i[r].q=i[r].q||[]).push(arguments)},i[r].l=1*new Date();a=s.createElement(o), m=s.getElementsByTagName(o)[0];a.async=1;a.src=g;m.parentNode.insertBefore(a,m) })(window,document,'script','\/\/www.google-analytics.com\/analytics.js','ga'); ga('create', 'UA-34753504-1', 'laudiom.com'); ga('send', 'pageview'); \/\/ ]]><\/script><div id=\"fb_share_1\" style=\"float: left; margin-left: 10px;;width: 55px;\" name=\"fb_share\"><div id=\"fb-root\"><\/div><script src=\"https:\/\/connect.facebook.net\/en_US\/all.js#appId=125029517579627&amp;xfbml=1\"><\/script><fb:like href=\"https:\/\/www.laudiom.com\/fr\/projets-cle-en-main\/\" send=\"true\" layout=\"button\" width=\"55\" show_faces=\"false\" font=\"arial\"><\/fb:like><\/div>","protected":false},"excerpt":{"rendered":"<p>&nbsp; Nous assurons la logistique de vos \u00e9v\u00e9nements ! Si vous recherchez un moyen de diminuer le poids de vos responsabilit\u00e9s lors de la tenue de vos \u00e9v\u00e9nements, laisser cette partie du travail aux professionnels qualifi\u00e9s de Laudiom. Donnez-vous ainsi le temps de vous concentrer plus \u00e0 fond sur l&rsquo;organisation et la promotion de : [&hellip;]<\/p>\n","protected":false},"author":1,"featured_media":0,"parent":0,"menu_order":0,"comment_status":"closed","ping_status":"closed","template":"","meta":{"_monsterinsights_skip_tracking":false,"_monsterinsights_sitenote_active":false,"_monsterinsights_sitenote_note":"","_monsterinsights_sitenote_category":0,"ngg_post_thumbnail":0,"footnotes":""},"class_list":["post-915","page","type-page","status-publish","hentry"],"_links":{"self":[{"href":"https:\/\/www.laudiom.com\/fr\/wp-json\/wp\/v2\/pages\/915","targetHints":{"allow":["GET"]}}],"collection":[{"href":"https:\/\/www.laudiom.com\/fr\/wp-json\/wp\/v2\/pages"}],"about":[{"href":"https:\/\/www.laudiom.com\/fr\/wp-json\/wp\/v2\/types\/page"}],"author":[{"embeddable":true,"href":"https:\/\/www.laudiom.com\/fr\/wp-json\/wp\/v2\/users\/1"}],"replies":[{"embeddable":true,"href":"https:\/\/www.laudiom.com\/fr\/wp-json\/wp\/v2\/comments?post=915"}],"version-history":[{"count":63,"href":"https:\/\/www.laudiom.com\/fr\/wp-json\/wp\/v2\/pages\/915\/revisions"}],"predecessor-version":[{"id":6297,"href":"https:\/\/www.laudiom.com\/fr\/wp-json\/wp\/v2\/pages\/915\/revisions\/6297"}],"wp:attachment":[{"href":"https:\/\/www.laudiom.com\/fr\/wp-json\/wp\/v2\/media?parent=915"}],"curies":[{"name":"wp","href":"https:\/\/api.w.org\/{rel}","templated":true}]}}