{"id":2384,"date":"2012-10-27T14:23:48","date_gmt":"2012-10-27T18:23:48","guid":{"rendered":"https:\/\/www.laudiom.com\/fr\/product\/cable-vga-male-male-100-pieds\/"},"modified":"2016-10-13T16:53:45","modified_gmt":"2016-10-13T20:53:45","slug":"cable-vga-male-male-100-pieds","status":"publish","type":"product","link":"https:\/\/www.laudiom.com\/fr\/produit\/cable-vga-male-male-100-pieds\/","title":{"rendered":"C\u00e2ble VGA (m\u00e2le-m\u00e2le) 100 pieds"},"content":{"rendered":"<div id=\"fb_share_1\" style=\"float: left; margin-left: 10px;;width: 55px;\" name=\"fb_share\"><div id=\"fb-root\"><\/div><script src=\"https:\/\/connect.facebook.net\/en_US\/all.js#appId=125029517579627&amp;xfbml=1\"><\/script><fb:like href=\"https:\/\/www.laudiom.com\/fr\/produit\/cable-vga-male-male-100-pieds\/\" send=\"true\" layout=\"button\" width=\"55\" show_faces=\"false\" font=\"arial\"><\/fb:like><\/div>","protected":false},"excerpt":{"rendered":"","protected":false},"featured_media":2375,"template":"","meta":{"_monsterinsights_skip_tracking":false,"_monsterinsights_sitenote_active":false,"_monsterinsights_sitenote_note":"","_monsterinsights_sitenote_category":0,"ngg_post_thumbnail":0},"product_cat":[75],"product_tag":[361,367,359,370,358,357,1014,364,369,368,363,362,833,366,365,716,360],"class_list":["post-2384","product","type-product","status-publish","has-post-thumbnail","hentry","product_cat-cablage-video","product_tag-361","product_tag-ac","product_tag-audio","product_tag-bnc","product_tag-cablage","product_tag-cable","product_tag-digiflex","product_tag-femelle","product_tag-hdmi","product_tag-iec","product_tag-male","product_tag-rca","product_tag-s-video","product_tag-speakon","product_tag-vga","product_tag-video","product_tag-xlr"],"_links":{"self":[{"href":"https:\/\/www.laudiom.com\/fr\/wp-json\/wp\/v2\/product\/2384","targetHints":{"allow":["GET"]}}],"collection":[{"href":"https:\/\/www.laudiom.com\/fr\/wp-json\/wp\/v2\/product"}],"about":[{"href":"https:\/\/www.laudiom.com\/fr\/wp-json\/wp\/v2\/types\/product"}],"wp:featuredmedia":[{"embeddable":true,"href":"https:\/\/www.laudiom.com\/fr\/wp-json\/wp\/v2\/media\/2375"}],"wp:attachment":[{"href":"https:\/\/www.laudiom.com\/fr\/wp-json\/wp\/v2\/media?parent=2384"}],"wp:term":[{"taxonomy":"product_cat","embeddable":true,"href":"https:\/\/www.laudiom.com\/fr\/wp-json\/wp\/v2\/product_cat?post=2384"},{"taxonomy":"product_tag","embeddable":true,"href":"https:\/\/www.laudiom.com\/fr\/wp-json\/wp\/v2\/product_tag?post=2384"}],"curies":[{"name":"wp","href":"https:\/\/api.w.org\/{rel}","templated":true}]}}