{"id":5879,"date":"2020-05-30T13:48:57","date_gmt":"2020-05-30T17:48:57","guid":{"rendered":"https:\/\/www.laudiom.com\/fr\/?post_type=product&#038;p=5879"},"modified":"2020-05-30T15:10:06","modified_gmt":"2020-05-30T19:10:06","slug":"sennheiser-systeme-micro-cravate-sans-fil-vocal-xsw2-me2","status":"publish","type":"product","link":"https:\/\/www.laudiom.com\/fr\/produit\/sennheiser-systeme-micro-cravate-sans-fil-vocal-xsw2-me2\/","title":{"rendered":"Sennheiser Syst\u00e8me micro-cravate sans fil Lavalier XSW2-ME2"},"content":{"rendered":"<ul>\r\n \t<li><strong><span style=\"color: #003366;\"><span style=\"color: #000080;\">Micro-cravate discret pour garder les mains libres et \u00e9metteur de poche comptact<\/span><\/span><\/strong><\/li>\r\n \t<li><strong><span style=\"color: #000080;\">R\u00e9cepteur true diversity \u00e0 bo\u00eetier m\u00e9tallique<\/span><\/strong><\/li>\r\n \t<li><strong><span style=\"color: #000080;\">Antennes externes<\/span><\/strong><\/li>\r\n \t<li><strong><span style=\"color: #000080;\">Gestion automatique des fr\u00e9quences et synchronisation par canal de t\u00e9l\u00e9commande pour une configuration facile<\/span><\/strong><\/li>\r\n \t<li><strong><span style=\"color: #000080;\">Fr\u00e9quences UHF enti\u00e8rement r\u00e9glables dans une large bande<\/span><\/strong><\/li>\r\n \t<li><strong><span style=\"color: #000080;\">Kit de montage en rack fourni<\/span><\/strong><\/li>\r\n \t<li><strong><span style=\"color: #000080;\">Jusqu&rsquo;\u00e0 12 canaux compatibles<\/span><\/strong><\/li>\r\n<\/ul><div id=\"fb_share_1\" style=\"float: left; margin-left: 10px;;width: 55px;\" name=\"fb_share\"><div id=\"fb-root\"><\/div><script src=\"https:\/\/connect.facebook.net\/en_US\/all.js#appId=125029517579627&amp;xfbml=1\"><\/script><fb:like href=\"https:\/\/www.laudiom.com\/fr\/produit\/sennheiser-systeme-micro-cravate-sans-fil-vocal-xsw2-me2\/\" send=\"true\" layout=\"button\" width=\"55\" show_faces=\"false\" font=\"arial\"><\/fb:like><\/div>","protected":false},"excerpt":{"rendered":"<p>Micro-cravate discret pour garder les mains libres et \u00e9metteur de poche comptact R\u00e9cepteur true diversity \u00e0 bo\u00eetier m\u00e9tallique Antennes externes Gestion automatique des fr\u00e9quences et synchronisation par canal de t\u00e9l\u00e9commande pour une configuration facile Fr\u00e9quences UHF enti\u00e8rement r\u00e9glables dans une large bande Kit de montage en rack fourni Jusqu&rsquo;\u00e0 12 canaux compatibles<\/p>\n","protected":false},"featured_media":5880,"template":"","meta":{"_monsterinsights_skip_tracking":false,"_monsterinsights_sitenote_active":false,"_monsterinsights_sitenote_note":"","_monsterinsights_sitenote_category":0,"ngg_post_thumbnail":0},"product_cat":[54,60],"product_tag":[],"class_list":["post-5879","product","type-product","status-publish","has-post-thumbnail","hentry","product_cat-son-live","product_cat-micro-sans-fil","pa_manufacturier-sennheiser"],"_links":{"self":[{"href":"https:\/\/www.laudiom.com\/fr\/wp-json\/wp\/v2\/product\/5879","targetHints":{"allow":["GET"]}}],"collection":[{"href":"https:\/\/www.laudiom.com\/fr\/wp-json\/wp\/v2\/product"}],"about":[{"href":"https:\/\/www.laudiom.com\/fr\/wp-json\/wp\/v2\/types\/product"}],"wp:featuredmedia":[{"embeddable":true,"href":"https:\/\/www.laudiom.com\/fr\/wp-json\/wp\/v2\/media\/5880"}],"wp:attachment":[{"href":"https:\/\/www.laudiom.com\/fr\/wp-json\/wp\/v2\/media?parent=5879"}],"wp:term":[{"taxonomy":"product_cat","embeddable":true,"href":"https:\/\/www.laudiom.com\/fr\/wp-json\/wp\/v2\/product_cat?post=5879"},{"taxonomy":"product_tag","embeddable":true,"href":"https:\/\/www.laudiom.com\/fr\/wp-json\/wp\/v2\/product_tag?post=5879"}],"curies":[{"name":"wp","href":"https:\/\/api.w.org\/{rel}","templated":true}]}}