{"id":5884,"date":"2020-05-30T14:18:03","date_gmt":"2020-05-30T18:18:03","guid":{"rendered":"https:\/\/www.laudiom.com\/fr\/?post_type=product&#038;p=5884"},"modified":"2020-05-30T15:09:38","modified_gmt":"2020-05-30T19:09:38","slug":"sennheiser-systeme-microphone-sans-fil-xsw-1-908","status":"publish","type":"product","link":"https:\/\/www.laudiom.com\/fr\/produit\/sennheiser-systeme-microphone-sans-fil-xsw-1-908\/","title":{"rendered":"Sennheiser Syst\u00e8me microphone sans fil pour Cuivre XSW 1-908"},"content":{"rendered":"<ul>\r\n \t<li><strong><span style=\"color: #000080;\">Microphone col de cygne polyvalent avec la reproduction sonore exceptionnelle de la c\u00e9l\u00e8bre s\u00e9rie de microphones evolution<\/span><\/strong><\/li>\r\n \t<li><strong><span style=\"color: #000080;\">R\u00e9ception de type diversity \u00e0 commutation d&rsquo;antenne<\/span><\/strong><\/li>\r\n \t<li><strong><span style=\"color: #000080;\">Antennes int\u00e9gr\u00e9es<\/span><\/strong><\/li>\r\n \t<li><strong><span style=\"color: #000080;\">Gestion automatique des fr\u00e9quences et synchronisation par canal de t\u00e9l\u00e9commande pour une configuration facile<\/span><\/strong><\/li>\r\n \t<li><strong><span style=\"color: #000080;\">Fr\u00e9quences UHF s\u00e9lectionnables dans une large bande<\/span><\/strong><\/li>\r\n \t<li><strong><span style=\"color: #000080;\">Jusqu&rsquo;\u00e0 10 canaux compatibles<\/span><\/strong><\/li>\r\n<\/ul><div id=\"fb_share_1\" style=\"float: left; margin-left: 10px;;width: 55px;\" name=\"fb_share\"><div id=\"fb-root\"><\/div><script src=\"https:\/\/connect.facebook.net\/en_US\/all.js#appId=125029517579627&amp;xfbml=1\"><\/script><fb:like href=\"https:\/\/www.laudiom.com\/fr\/produit\/sennheiser-systeme-microphone-sans-fil-xsw-1-908\/\" send=\"true\" layout=\"button\" width=\"55\" show_faces=\"false\" font=\"arial\"><\/fb:like><\/div>","protected":false},"excerpt":{"rendered":"<p>Microphone col de cygne polyvalent avec la reproduction sonore exceptionnelle de la c\u00e9l\u00e8bre s\u00e9rie de microphones evolution R\u00e9ception de type diversity \u00e0 commutation d&rsquo;antenne Antennes int\u00e9gr\u00e9es Gestion automatique des fr\u00e9quences et synchronisation par canal de t\u00e9l\u00e9commande pour une configuration facile Fr\u00e9quences UHF s\u00e9lectionnables dans une large bande Jusqu&rsquo;\u00e0 10 canaux compatibles<\/p>\n","protected":false},"featured_media":5887,"template":"","meta":{"_monsterinsights_skip_tracking":false,"_monsterinsights_sitenote_active":false,"_monsterinsights_sitenote_note":"","_monsterinsights_sitenote_category":0,"ngg_post_thumbnail":0},"product_cat":[54,60],"product_tag":[],"class_list":["post-5884","product","type-product","status-publish","has-post-thumbnail","hentry","product_cat-son-live","product_cat-micro-sans-fil","pa_manufacturier-sennheiser"],"_links":{"self":[{"href":"https:\/\/www.laudiom.com\/fr\/wp-json\/wp\/v2\/product\/5884","targetHints":{"allow":["GET"]}}],"collection":[{"href":"https:\/\/www.laudiom.com\/fr\/wp-json\/wp\/v2\/product"}],"about":[{"href":"https:\/\/www.laudiom.com\/fr\/wp-json\/wp\/v2\/types\/product"}],"wp:featuredmedia":[{"embeddable":true,"href":"https:\/\/www.laudiom.com\/fr\/wp-json\/wp\/v2\/media\/5887"}],"wp:attachment":[{"href":"https:\/\/www.laudiom.com\/fr\/wp-json\/wp\/v2\/media?parent=5884"}],"wp:term":[{"taxonomy":"product_cat","embeddable":true,"href":"https:\/\/www.laudiom.com\/fr\/wp-json\/wp\/v2\/product_cat?post=5884"},{"taxonomy":"product_tag","embeddable":true,"href":"https:\/\/www.laudiom.com\/fr\/wp-json\/wp\/v2\/product_tag?post=5884"}],"curies":[{"name":"wp","href":"https:\/\/api.w.org\/{rel}","templated":true}]}}