{"id":5897,"date":"2020-05-30T14:58:31","date_gmt":"2020-05-30T18:58:31","guid":{"rendered":"https:\/\/www.laudiom.com\/fr\/?post_type=product&#038;p=5897"},"modified":"2020-05-30T15:06:04","modified_gmt":"2020-05-30T19:06:04","slug":"samson-auro-d210-haut-parleur-actif-2-voies-200w","status":"publish","type":"product","link":"https:\/\/www.laudiom.com\/fr\/produit\/samson-auro-d210-haut-parleur-actif-2-voies-200w\/","title":{"rendered":"Samson Auro D210 &#8211; Haut-parleur actif 2 voies 200W"},"content":{"rendered":"<ul>\r\n \t<li><strong><span style=\"color: #000080;\">Enceinte active 2 voies compacte et l\u00e9g\u00e8re de classe D<\/span><\/strong><\/li>\r\n \t<li><strong><span style=\"color: #000080;\">Haut-parleur basse fr\u00e9quence 10&Prime; \u00e0 plage \u00e9tendue<\/span><\/strong><\/li>\r\n \t<li><strong><span style=\"color: #000080;\"><span class=\"goog-text-highlight\">Pilote de compression 1&Prime; avec sortie 1&Prime;<\/span><\/span><\/strong><\/li>\r\n \t<li><strong><span style=\"color: #000080;\">200 watts de puissance de sortie<\/span><\/strong><\/li>\r\n \t<li><strong><span style=\"color: #000080;\">Entr\u00e9e micro \/ ligne avec contr\u00f4le du volume et clip LED<\/span><\/strong><\/li>\r\n \t<li><strong><span style=\"color: #000080;\">Une sortie ligne suppl\u00e9mentaire permet de relier plusieurs haut-parleurs<\/span><\/strong><\/li>\r\n \t<li><strong><span style=\"color: #000080;\">Prise de montage sur poteau 1 3\/8&Prime;<\/span><\/strong><\/li>\r\n \t<li><strong><span style=\"color: #000080;\">Options de positionnement du moniteur au sol<\/span><\/strong><\/li>\r\n<\/ul><div id=\"fb_share_1\" style=\"float: left; margin-left: 10px;;width: 55px;\" name=\"fb_share\"><div id=\"fb-root\"><\/div><script src=\"https:\/\/connect.facebook.net\/en_US\/all.js#appId=125029517579627&amp;xfbml=1\"><\/script><fb:like href=\"https:\/\/www.laudiom.com\/fr\/produit\/samson-auro-d210-haut-parleur-actif-2-voies-200w\/\" send=\"true\" layout=\"button\" width=\"55\" show_faces=\"false\" font=\"arial\"><\/fb:like><\/div>","protected":false},"excerpt":{"rendered":"<p>Enceinte active 2 voies compacte et l\u00e9g\u00e8re de classe D Haut-parleur basse fr\u00e9quence 10&Prime; \u00e0 plage \u00e9tendue Pilote de compression 1&Prime; avec sortie 1&Prime; 200 watts de puissance de sortie Entr\u00e9e micro \/ ligne avec contr\u00f4le du volume et clip LED Une sortie ligne suppl\u00e9mentaire permet de relier plusieurs haut-parleurs Prise de montage sur poteau [&hellip;]<\/p>\n","protected":false},"featured_media":5898,"template":"","meta":{"_monsterinsights_skip_tracking":false,"_monsterinsights_sitenote_active":false,"_monsterinsights_sitenote_note":"","_monsterinsights_sitenote_category":0,"ngg_post_thumbnail":0},"product_cat":[54,64],"product_tag":[],"class_list":["post-5897","product","type-product","status-publish","has-post-thumbnail","hentry","product_cat-son-live","product_cat-haut-parleurs-actifs","pa_manufacturier-samson"],"_links":{"self":[{"href":"https:\/\/www.laudiom.com\/fr\/wp-json\/wp\/v2\/product\/5897","targetHints":{"allow":["GET"]}}],"collection":[{"href":"https:\/\/www.laudiom.com\/fr\/wp-json\/wp\/v2\/product"}],"about":[{"href":"https:\/\/www.laudiom.com\/fr\/wp-json\/wp\/v2\/types\/product"}],"wp:featuredmedia":[{"embeddable":true,"href":"https:\/\/www.laudiom.com\/fr\/wp-json\/wp\/v2\/media\/5898"}],"wp:attachment":[{"href":"https:\/\/www.laudiom.com\/fr\/wp-json\/wp\/v2\/media?parent=5897"}],"wp:term":[{"taxonomy":"product_cat","embeddable":true,"href":"https:\/\/www.laudiom.com\/fr\/wp-json\/wp\/v2\/product_cat?post=5897"},{"taxonomy":"product_tag","embeddable":true,"href":"https:\/\/www.laudiom.com\/fr\/wp-json\/wp\/v2\/product_tag?post=5897"}],"curies":[{"name":"wp","href":"https:\/\/api.w.org\/{rel}","templated":true}]}}