{"id":5922,"date":"2020-06-02T10:37:42","date_gmt":"2020-06-02T14:37:42","guid":{"rendered":"https:\/\/www.laudiom.com\/fr\/?post_type=product&#038;p=5922"},"modified":"2020-06-02T10:45:40","modified_gmt":"2020-06-02T14:45:40","slug":"pioneer-djs-1000-sampler-dj-autonome","status":"publish","type":"product","link":"https:\/\/www.laudiom.com\/fr\/produit\/pioneer-djs-1000-sampler-dj-autonome\/","title":{"rendered":"Pioneer DJS-1000 Sampler DJ autonome"},"content":{"rendered":"<ul>\r\n \t<li><strong><span style=\"color: #000080;\">S\u00e9quenceur \u00e0 pas<\/span><\/strong><\/li>\r\n \t<li><strong><span style=\"color: #000080;\">Pads de performance tactiles<\/span><\/strong><\/li>\r\n \t<li><strong><span style=\"color: #000080;\">Bande tactile<\/span><\/strong><\/li>\r\n \t<li><strong><span style=\"color: #000080;\">\u00c9cran tactile 7 pouces<\/span><\/strong><\/li>\r\n \t<li><strong><span style=\"color: #000080;\">Synchronisation pr\u00e9cise<\/span><\/strong><\/li>\r\n \t<li><strong><span style=\"color: #000080;\">Live sampling<\/span><\/strong><\/li>\r\n<\/ul><div id=\"fb_share_1\" style=\"float: left; margin-left: 10px;;width: 55px;\" name=\"fb_share\"><div id=\"fb-root\"><\/div><script src=\"https:\/\/connect.facebook.net\/en_US\/all.js#appId=125029517579627&amp;xfbml=1\"><\/script><fb:like href=\"https:\/\/www.laudiom.com\/fr\/produit\/pioneer-djs-1000-sampler-dj-autonome\/\" send=\"true\" layout=\"button\" width=\"55\" show_faces=\"false\" font=\"arial\"><\/fb:like><\/div>","protected":false},"excerpt":{"rendered":"<p>S\u00e9quenceur \u00e0 pas Pads de performance tactiles Bande tactile \u00c9cran tactile 7 pouces Synchronisation pr\u00e9cise Live sampling<\/p>\n","protected":false},"featured_media":5923,"template":"","meta":{"_monsterinsights_skip_tracking":false,"_monsterinsights_sitenote_active":false,"_monsterinsights_sitenote_note":"","_monsterinsights_sitenote_category":0,"ngg_post_thumbnail":0},"product_cat":[1067,65],"product_tag":[],"class_list":["post-5922","product","type-product","status-publish","has-post-thumbnail","hentry","product_cat-sequenceur-equipement-dj","product_cat-equipement-dj","pa_manufacturier-pioneer"],"_links":{"self":[{"href":"https:\/\/www.laudiom.com\/fr\/wp-json\/wp\/v2\/product\/5922","targetHints":{"allow":["GET"]}}],"collection":[{"href":"https:\/\/www.laudiom.com\/fr\/wp-json\/wp\/v2\/product"}],"about":[{"href":"https:\/\/www.laudiom.com\/fr\/wp-json\/wp\/v2\/types\/product"}],"wp:featuredmedia":[{"embeddable":true,"href":"https:\/\/www.laudiom.com\/fr\/wp-json\/wp\/v2\/media\/5923"}],"wp:attachment":[{"href":"https:\/\/www.laudiom.com\/fr\/wp-json\/wp\/v2\/media?parent=5922"}],"wp:term":[{"taxonomy":"product_cat","embeddable":true,"href":"https:\/\/www.laudiom.com\/fr\/wp-json\/wp\/v2\/product_cat?post=5922"},{"taxonomy":"product_tag","embeddable":true,"href":"https:\/\/www.laudiom.com\/fr\/wp-json\/wp\/v2\/product_tag?post=5922"}],"curies":[{"name":"wp","href":"https:\/\/api.w.org\/{rel}","templated":true}]}}