{"id":5950,"date":"2020-06-03T14:20:32","date_gmt":"2020-06-03T18:20:32","guid":{"rendered":"https:\/\/www.laudiom.com\/fr\/?post_type=product&#038;p=5950"},"modified":"2020-06-03T14:23:23","modified_gmt":"2020-06-03T18:23:23","slug":"alto-ts315-haut-parleur-amplifie-2-voies-15-pouces-2000w","status":"publish","type":"product","link":"https:\/\/www.laudiom.com\/fr\/produit\/alto-ts315-haut-parleur-amplifie-2-voies-15-pouces-2000w\/","title":{"rendered":"Alto TS315 Haut-parleur amplifi\u00e9 2 voies 15 pouces 2000W"},"content":{"rendered":"<ul>\r\n \t<li><strong><span style=\"color: #000080;\">2000 W peak (1300 LF + 700 HF) 1000 W RMS continu (650 LF + 350 HF)<\/span><\/strong><\/li>\r\n \t<li><strong><span style=\"color: #000080;\">Haut-parleur LF de 381 mm (15 pouces), bobine acoustique haute temp\u00e9rature de 76 mm (3 pouces) <\/span><\/strong><\/li>\r\n \t<li><strong><span style=\"color: #000080;\">Haut-parleur HF \u00e0 aimant n\u00e9odyme de 35 mm (1,4 pouces) avec guide d&rsquo;ondes de pr\u00e9cision <\/span><\/strong><\/li>\r\n \t<li><strong><span style=\"color: #000080;\">Moniteur de coin, montable sur poteau, installation de support ou application avec points de suspension M10 int\u00e9gr\u00e9s <\/span><\/strong><\/li>\r\n \t<li><strong><span style=\"color: #000080;\">Table de mixage 2 canaux int\u00e9gr\u00e9e avec deux entr\u00e9es micro \/ ligne combo XLR 1\/4 pouce, commandes de niveau ind\u00e9pendantes, sortie XLR Link, commutateur Contour EQ et commutateur Ground-Lift <\/span><\/strong><\/li>\r\n \t<li><strong><span style=\"color: #000080;\">Amplificateurs de classe D \u00e0 haute efficacit\u00e9 con\u00e7us sur mesure avec refroidissement passif &#8211; aucun ventilateur (plus silencieux et une plus grande fiabilit\u00e9 \u00e0 long terme) <\/span><\/strong><\/li>\r\n \t<li><strong><span style=\"color: #000080;\">Con\u00e7u et r\u00e9gl\u00e9 aux \u00c9tats-Unis<\/span><\/strong><\/li>\r\n<\/ul><div id=\"fb_share_1\" style=\"float: left; margin-left: 10px;;width: 55px;\" name=\"fb_share\"><div id=\"fb-root\"><\/div><script src=\"https:\/\/connect.facebook.net\/en_US\/all.js#appId=125029517579627&amp;xfbml=1\"><\/script><fb:like href=\"https:\/\/www.laudiom.com\/fr\/produit\/alto-ts315-haut-parleur-amplifie-2-voies-15-pouces-2000w\/\" send=\"true\" layout=\"button\" width=\"55\" show_faces=\"false\" font=\"arial\"><\/fb:like><\/div>","protected":false},"excerpt":{"rendered":"<p>2000 W peak (1300 LF + 700 HF) 1000 W RMS continu (650 LF + 350 HF) Haut-parleur LF de 381 mm (15 pouces), bobine acoustique haute temp\u00e9rature de 76 mm (3 pouces) Haut-parleur HF \u00e0 aimant n\u00e9odyme de 35 mm (1,4 pouces) avec guide d&rsquo;ondes de pr\u00e9cision Moniteur de coin, montable sur poteau, installation [&hellip;]<\/p>\n","protected":false},"featured_media":5951,"template":"","meta":{"_monsterinsights_skip_tracking":false,"_monsterinsights_sitenote_active":false,"_monsterinsights_sitenote_note":"","_monsterinsights_sitenote_category":0,"ngg_post_thumbnail":0},"product_cat":[54,64],"product_tag":[],"class_list":["post-5950","product","type-product","status-publish","has-post-thumbnail","hentry","product_cat-son-live","product_cat-haut-parleurs-actifs","pa_manufacturier-alto"],"_links":{"self":[{"href":"https:\/\/www.laudiom.com\/fr\/wp-json\/wp\/v2\/product\/5950","targetHints":{"allow":["GET"]}}],"collection":[{"href":"https:\/\/www.laudiom.com\/fr\/wp-json\/wp\/v2\/product"}],"about":[{"href":"https:\/\/www.laudiom.com\/fr\/wp-json\/wp\/v2\/types\/product"}],"wp:featuredmedia":[{"embeddable":true,"href":"https:\/\/www.laudiom.com\/fr\/wp-json\/wp\/v2\/media\/5951"}],"wp:attachment":[{"href":"https:\/\/www.laudiom.com\/fr\/wp-json\/wp\/v2\/media?parent=5950"}],"wp:term":[{"taxonomy":"product_cat","embeddable":true,"href":"https:\/\/www.laudiom.com\/fr\/wp-json\/wp\/v2\/product_cat?post=5950"},{"taxonomy":"product_tag","embeddable":true,"href":"https:\/\/www.laudiom.com\/fr\/wp-json\/wp\/v2\/product_tag?post=5950"}],"curies":[{"name":"wp","href":"https:\/\/api.w.org\/{rel}","templated":true}]}}