{"id":5968,"date":"2020-06-03T15:42:00","date_gmt":"2020-06-03T19:42:00","guid":{"rendered":"https:\/\/www.laudiom.com\/fr\/?post_type=product&#038;p=5968"},"modified":"2020-06-03T15:45:50","modified_gmt":"2020-06-03T19:45:50","slug":"pioneer-djm-250mk2-table-de-mixage-dj-2-voies","status":"publish","type":"product","link":"https:\/\/www.laudiom.com\/fr\/produit\/pioneer-djm-250mk2-table-de-mixage-dj-2-voies\/","title":{"rendered":"Pioneer DJM-250MK2 Table de mixage 2 voies"},"content":{"rendered":"<ul>\r\n \t<li><strong><span style=\"color: #000080;\">Disposition claire &amp; faders magvel<\/span><\/strong><\/li>\r\n \t<li><strong><span style=\"color: #000080;\">Un mix fluide<\/span><\/strong><\/li>\r\n \t<li><strong><span style=\"color: #000080;\">Les fameux effets filtre<\/span><\/strong><\/li>\r\n \t<li><strong><span style=\"color: #000080;\">Carte de son USB int\u00e9gr\u00e9e<\/span><\/strong><\/li>\r\n \t<li><strong><span style=\"color: #000080;\">Fonctions de performance<\/span><\/strong><\/li>\r\n \t<li><strong><span style=\"color: #000080;\">Contr\u00f4le DVS<\/span><\/strong><\/li>\r\n<\/ul><div id=\"fb_share_1\" style=\"float: left; margin-left: 10px;;width: 55px;\" name=\"fb_share\"><div id=\"fb-root\"><\/div><script src=\"https:\/\/connect.facebook.net\/en_US\/all.js#appId=125029517579627&amp;xfbml=1\"><\/script><fb:like href=\"https:\/\/www.laudiom.com\/fr\/produit\/pioneer-djm-250mk2-table-de-mixage-dj-2-voies\/\" send=\"true\" layout=\"button\" width=\"55\" show_faces=\"false\" font=\"arial\"><\/fb:like><\/div>","protected":false},"excerpt":{"rendered":"<p>Disposition claire &amp; faders magvel Un mix fluide Les fameux effets filtre Carte de son USB int\u00e9gr\u00e9e Fonctions de performance Contr\u00f4le DVS<\/p>\n","protected":false},"featured_media":5969,"template":"","meta":{"_monsterinsights_skip_tracking":false,"_monsterinsights_sitenote_active":false,"_monsterinsights_sitenote_note":"","_monsterinsights_sitenote_category":0,"ngg_post_thumbnail":0},"product_cat":[65,68],"product_tag":[],"class_list":["post-5968","product","type-product","status-publish","has-post-thumbnail","hentry","product_cat-equipement-dj","product_cat-mixers","pa_manufacturier-pioneer"],"_links":{"self":[{"href":"https:\/\/www.laudiom.com\/fr\/wp-json\/wp\/v2\/product\/5968","targetHints":{"allow":["GET"]}}],"collection":[{"href":"https:\/\/www.laudiom.com\/fr\/wp-json\/wp\/v2\/product"}],"about":[{"href":"https:\/\/www.laudiom.com\/fr\/wp-json\/wp\/v2\/types\/product"}],"wp:featuredmedia":[{"embeddable":true,"href":"https:\/\/www.laudiom.com\/fr\/wp-json\/wp\/v2\/media\/5969"}],"wp:attachment":[{"href":"https:\/\/www.laudiom.com\/fr\/wp-json\/wp\/v2\/media?parent=5968"}],"wp:term":[{"taxonomy":"product_cat","embeddable":true,"href":"https:\/\/www.laudiom.com\/fr\/wp-json\/wp\/v2\/product_cat?post=5968"},{"taxonomy":"product_tag","embeddable":true,"href":"https:\/\/www.laudiom.com\/fr\/wp-json\/wp\/v2\/product_tag?post=5968"}],"curies":[{"name":"wp","href":"https:\/\/api.w.org\/{rel}","templated":true}]}}