{"id":6036,"date":"2020-06-12T14:04:46","date_gmt":"2020-06-12T18:04:46","guid":{"rendered":"https:\/\/www.laudiom.com\/fr\/?post_type=product&#038;p=6036"},"modified":"2020-06-12T14:09:15","modified_gmt":"2020-06-12T18:09:15","slug":"stanton-t-92-m2-usb-table-tournante","status":"publish","type":"product","link":"https:\/\/www.laudiom.com\/fr\/produit\/stanton-t-92-m2-usb-table-tournante\/","title":{"rendered":"Stanton T.92 M2 USB table tournante"},"content":{"rendered":"<strong><span style=\"color: #000080;\">La T.92 M2 USB est une platine vinyle professionnelle \u00e0 entra\u00eenement direct avec connectivit\u00e9 USB int\u00e9gr\u00e9e. Le port USB, avec le logiciel sugg\u00e9r\u00e9, facilite plus que jamais la num\u00e9risation des enregistrements vinyles. Avec des fonctionnalit\u00e9s telles que le verrouillage des touches et une plage de hauteur de \u00b1 12%, le T.92 M2 USB s&rsquo;int\u00e8gre sans effort \u00e0 n&rsquo;importe quelle configuration DJ.<\/span><\/strong>\r\n<ul>\r\n \t<li><strong><span style=\"color: #000080;\">Platine vinyle de qualit\u00e9 professionnelle avec moteur \u00e0 entra\u00eenement direct <\/span><\/strong><\/li>\r\n \t<li><strong><span style=\"color: #000080;\">Construction robuste pour une durabilit\u00e9 ultime <\/span><\/strong><\/li>\r\n \t<li><strong><span style=\"color: #000080;\">Sorties USB et S \/ PDIF pour transf\u00e9rer facilement de la musique de disques vinyles vers votre Mac ou PC <\/span><\/strong><\/li>\r\n \t<li><strong><span style=\"color: #000080;\">Fader de contr\u00f4le de hauteur avec verrouillage des touches DSP (changer le tempo sans affecter la hauteur) Plage s\u00e9lectionnable (+\/- 8%, 12%)<\/span><\/strong><\/li>\r\n \t<li><strong><span style=\"color: #000080;\">La cartouche Stanton 300 est livr\u00e9e pr\u00e9-mont\u00e9e sur le bras de tonalit\u00e9<\/span><\/strong><\/li>\r\n \t<li><strong><span style=\"color: #000080;\">T\u00eate de lecture en forme de S pour une distorsion inf\u00e9rieure et une fid\u00e9lit\u00e9 sup\u00e9rieure<\/span><\/strong><\/li>\r\n \t<li><strong><span style=\"color: #000080;\">3 Vitesses de lecture (33, 45 et 78 tr \/ min) et des sorties st\u00e9r\u00e9o <\/span><\/strong><\/li>\r\n \t<li><strong><span style=\"color: #000080;\">RCA \u00e0 verrouillage \u00e0 quartz (commutable phono \/ ligne) <\/span><\/strong><\/li>\r\n \t<li><strong><span style=\"color: #000080;\">2 Start \/ Interrupteurs d&rsquo;arr\u00eat pour la configuration Mix ou Battle <\/span><\/strong><\/li>\r\n \t<li><strong><span style=\"color: #000080;\">Les accessoires incluent les c\u00e2bles RCA, le tapis antid\u00e9rapant, le c\u00e2ble USB et le couvercle anti-poussi\u00e8re<\/span><\/strong><\/li>\r\n \t<li><strong><span style=\"color: #000080;\"> Version compl\u00e8te du logiciel Deckadance DVS inclus<\/span><\/strong><\/li>\r\n<\/ul><div id=\"fb_share_1\" style=\"float: left; margin-left: 10px;;width: 55px;\" name=\"fb_share\"><div id=\"fb-root\"><\/div><script src=\"https:\/\/connect.facebook.net\/en_US\/all.js#appId=125029517579627&amp;xfbml=1\"><\/script><fb:like href=\"https:\/\/www.laudiom.com\/fr\/produit\/stanton-t-92-m2-usb-table-tournante\/\" send=\"true\" layout=\"button\" width=\"55\" show_faces=\"false\" font=\"arial\"><\/fb:like><\/div>","protected":false},"excerpt":{"rendered":"<p>La T.92 M2 USB est une platine vinyle professionnelle \u00e0 entra\u00eenement direct avec connectivit\u00e9 USB int\u00e9gr\u00e9e. Le port USB, avec le logiciel sugg\u00e9r\u00e9, facilite plus que jamais la num\u00e9risation des enregistrements vinyles. Avec des fonctionnalit\u00e9s telles que le verrouillage des touches et une plage de hauteur de \u00b1 12%, le T.92 M2 USB s&rsquo;int\u00e8gre sans [&hellip;]<\/p>\n","protected":false},"featured_media":6037,"template":"","meta":{"_monsterinsights_skip_tracking":false,"_monsterinsights_sitenote_active":false,"_monsterinsights_sitenote_note":"","_monsterinsights_sitenote_category":0,"ngg_post_thumbnail":0},"product_cat":[1071,65],"product_tag":[],"class_list":["post-6036","product","type-product","status-publish","has-post-thumbnail","hentry","product_cat-table-tournante","product_cat-equipement-dj","pa_manufacturier-stanton"],"_links":{"self":[{"href":"https:\/\/www.laudiom.com\/fr\/wp-json\/wp\/v2\/product\/6036","targetHints":{"allow":["GET"]}}],"collection":[{"href":"https:\/\/www.laudiom.com\/fr\/wp-json\/wp\/v2\/product"}],"about":[{"href":"https:\/\/www.laudiom.com\/fr\/wp-json\/wp\/v2\/types\/product"}],"wp:featuredmedia":[{"embeddable":true,"href":"https:\/\/www.laudiom.com\/fr\/wp-json\/wp\/v2\/media\/6037"}],"wp:attachment":[{"href":"https:\/\/www.laudiom.com\/fr\/wp-json\/wp\/v2\/media?parent=6036"}],"wp:term":[{"taxonomy":"product_cat","embeddable":true,"href":"https:\/\/www.laudiom.com\/fr\/wp-json\/wp\/v2\/product_cat?post=6036"},{"taxonomy":"product_tag","embeddable":true,"href":"https:\/\/www.laudiom.com\/fr\/wp-json\/wp\/v2\/product_tag?post=6036"}],"curies":[{"name":"wp","href":"https:\/\/api.w.org\/{rel}","templated":true}]}}