{"id":6046,"date":"2020-06-12T14:48:06","date_gmt":"2020-06-12T18:48:06","guid":{"rendered":"https:\/\/www.laudiom.com\/fr\/?post_type=product&#038;p=6046"},"modified":"2020-06-12T14:52:23","modified_gmt":"2020-06-12T18:52:23","slug":"qsc-pld-4-3-amplificateur-avec-dsp","status":"publish","type":"product","link":"https:\/\/www.laudiom.com\/fr\/produit\/qsc-pld-4-3-amplificateur-avec-dsp\/","title":{"rendered":"QSC PLD 4.3 Amplificateur avec DSP"},"content":{"rendered":"<strong><span style=\"color: #000080;\">4 canaux flexibles jusqu\u2019\u00e0 1400 watts chacun, alimentation \u00e0 d\u00e9coupage universelle PowerLight, DSP int\u00e9gr\u00e9 et connectivit\u00e9 compl\u00e8te &#8211; le PLD4.3 est l\u2019amplificateur id\u00e9al pour la production et la sonorisation live<\/span><\/strong>\r\n<ul>\r\n \t<li><strong><span style=\"color: #000080;\">La technologie FAST (Flexible Amplifier Summing Technology\u2122) g\u00e8re quasiment tous les syst\u00e8mes ou configurations d\u2019enceintes en distribuant la puissance totale de l\u2019amplificateur sur un, deux, trois ou quatre canaux<\/span><\/strong><\/li>\r\n \t<li><strong><span style=\"color: #000080;\">Quatre canaux de DSP de traitement d\u2019enceintes int\u00e9gr\u00e9, complet avec filtres crossover et EQ param\u00e9trique, limiteur et delay d&rsquo;alignement, \u00e9limine le besoin de recourir \u00e0 des processeurs d\u2019enceintes externes<\/span><\/strong><\/li>\r\n \t<li><strong><span style=\"color: #000080;\">Les r\u00e9glages DSP du S\u00e9rie E Entertainment System sont maintenant disponibles pour les amplificateurs de puissance PLD<\/span><\/strong><\/li>\r\n \t<li><strong><span style=\"color: #000080;\">Le traitement Powerful Intrinsic Correction\u2122 maximise les performances audio des enceintes QSC<\/span><\/strong><\/li>\r\n \t<li><strong><span style=\"color: #000080;\">20 configurations d\u2019usine pr\u00e9r\u00e9gl\u00e9es qui peuvent \u00eatre modifi\u00e9es et enregistr\u00e9es dans les 50 m\u00e9moires de preset personnelles<\/span><\/strong><\/li>\r\n \t<li><strong><span style=\"color: #000080;\">Alimentation \u00e0 d\u00e9coupage universelle PowerLight avec PFC pour une efficacit\u00e9 maximale, des performances am\u00e9lior\u00e9es et un faible poids<\/span><\/strong><\/li>\r\n \t<li><strong><span style=\"color: #000080;\">4 connecteurs XLR d&rsquo;entr\u00e9e et 6 connecteurs NL4 de sortie<\/span><\/strong><\/li>\r\n \t<li><strong><span style=\"color: #000080;\">Face avant int\u00e9gr\u00e9e avec boutons de s\u00e9lection et de mute du canal, LED indiquant le niveau d\u2019entr\u00e9e et de sortie, \u00e9cran LCD 400 \u00d7 240, boutons de navigation intuitifs, interrupteur et voyant LED d&rsquo;alimentation et poign\u00e9es en aluminium moul\u00e9<\/span><\/strong><\/li>\r\n \t<li><strong><span style=\"color: #000080;\">Preset Wizard, l\u2019assistant de pr\u00e9r\u00e9glages, simplifie la configuration de l&rsquo;amplificateur, fournissant une s\u00e9lection \u00e0 partir d&rsquo;une liste des enceintes passives enregistrant les meilleures ventes<\/span><\/strong><\/li>\r\n<\/ul><div id=\"fb_share_1\" style=\"float: left; margin-left: 10px;;width: 55px;\" name=\"fb_share\"><div id=\"fb-root\"><\/div><script src=\"https:\/\/connect.facebook.net\/en_US\/all.js#appId=125029517579627&amp;xfbml=1\"><\/script><fb:like href=\"https:\/\/www.laudiom.com\/fr\/produit\/qsc-pld-4-3-amplificateur-avec-dsp\/\" send=\"true\" layout=\"button\" width=\"55\" show_faces=\"false\" font=\"arial\"><\/fb:like><\/div>","protected":false},"excerpt":{"rendered":"<p>4 canaux flexibles jusqu\u2019\u00e0 1400 watts chacun, alimentation \u00e0 d\u00e9coupage universelle PowerLight, DSP int\u00e9gr\u00e9 et connectivit\u00e9 compl\u00e8te &#8211; le PLD4.3 est l\u2019amplificateur id\u00e9al pour la production et la sonorisation live La technologie FAST (Flexible Amplifier Summing Technology\u2122) g\u00e8re quasiment tous les syst\u00e8mes ou configurations d\u2019enceintes en distribuant la puissance totale de l\u2019amplificateur sur un, deux, [&hellip;]<\/p>\n","protected":false},"featured_media":6047,"template":"","meta":{"_monsterinsights_skip_tracking":false,"_monsterinsights_sitenote_active":false,"_monsterinsights_sitenote_note":"","_monsterinsights_sitenote_category":0,"ngg_post_thumbnail":0},"product_cat":[54,55,61],"product_tag":[],"class_list":["post-6046","product","type-product","status-publish","has-post-thumbnail","hentry","product_cat-son-live","product_cat-accessoires-son-live","product_cat-amplificateurs","pa_manufacturier-qsc"],"_links":{"self":[{"href":"https:\/\/www.laudiom.com\/fr\/wp-json\/wp\/v2\/product\/6046","targetHints":{"allow":["GET"]}}],"collection":[{"href":"https:\/\/www.laudiom.com\/fr\/wp-json\/wp\/v2\/product"}],"about":[{"href":"https:\/\/www.laudiom.com\/fr\/wp-json\/wp\/v2\/types\/product"}],"wp:featuredmedia":[{"embeddable":true,"href":"https:\/\/www.laudiom.com\/fr\/wp-json\/wp\/v2\/media\/6047"}],"wp:attachment":[{"href":"https:\/\/www.laudiom.com\/fr\/wp-json\/wp\/v2\/media?parent=6046"}],"wp:term":[{"taxonomy":"product_cat","embeddable":true,"href":"https:\/\/www.laudiom.com\/fr\/wp-json\/wp\/v2\/product_cat?post=6046"},{"taxonomy":"product_tag","embeddable":true,"href":"https:\/\/www.laudiom.com\/fr\/wp-json\/wp\/v2\/product_tag?post=6046"}],"curies":[{"name":"wp","href":"https:\/\/api.w.org\/{rel}","templated":true}]}}