{"id":6175,"date":"2020-07-17T11:28:07","date_gmt":"2020-07-17T15:28:07","guid":{"rendered":"https:\/\/www.laudiom.com\/fr\/?post_type=product&#038;p=6175"},"modified":"2020-07-17T11:28:07","modified_gmt":"2020-07-17T15:28:07","slug":"jbl-eon208p-systeme-de-sonorisation","status":"publish","type":"product","link":"https:\/\/www.laudiom.com\/fr\/produit\/jbl-eon208p-systeme-de-sonorisation\/","title":{"rendered":"JBL &#8211; EON208P &#8211; Syst\u00e8me de sonorisation"},"content":{"rendered":"<strong><span style=\"color: #000080;\">Syst\u00e8me de sonorisation 8&Prime; \u00e0 deux voies portable avec m\u00e9langeur aliment\u00e9 8&nbsp;canaux et Bluetooth<\/span><\/strong>\r\n\r\n<strong><span style=\"color: #000080;\">Amenez le son JBL l\u00e9gendaire sur votre sc\u00e8ne avec le syst\u00e8me de sonorisation portable tout-en-un EON208P. Parfaitement prot\u00e9g\u00e9 gr\u00e2ce \u00e0 un design \u00e0 l\u2019\u00e9preuve des chocs, l\u2019EON208P vous permet de cr\u00e9er le son parfait lors de vos performances, meetings ou \u00e9v\u00e9nements. Le m\u00e9langeur 8 canaux amovible dispose d\u2019entr\u00e9es microphones, instruments et sources au niveau ligne, tandis que les 2 haut-parleurs 2 voies 8\u2019\u2019 permettent d\u2019assurer une excellente couverture sonore. La connectivit\u00e9 Bluetooth permet de diffuser l\u2019audio \u00e0 partir de votre appareil mobile. Et gr\u00e2ce \u00e0 ses 300 watts de puissance, vous aurez assez de volume pour obtenir un son fort tout en restant clair. De plus, sa forme compacte et son poids r\u00e9duit permettent un transport facile&nbsp;: vous pouvez le porter d\u2019une seule main!<\/span><\/strong>\r\n<ul>\r\n \t<li><strong><span style=\"color: #000080;\">Qualit\u00e9 de son JBL l\u00e9gendaire et simplicit\u00e9 d\u2019utilisation<\/span><\/strong><\/li>\r\n \t<li><strong><span style=\"color: #000080;\">Design tout-en-un compact et poign\u00e9e de transport pratique<\/span><\/strong><\/li>\r\n \t<li><strong><span style=\"color: #000080;\">M\u00e9langeur 8 canaux int\u00e9gr\u00e9 avec entr\u00e9es micros, guitares et sources de niveau ligne<\/span><\/strong><\/li>\r\n \t<li><strong><span style=\"color: #000080;\">Connectivit\u00e9 Bluetooth pour streaming audio<\/span><\/strong><\/li>\r\n \t<li><strong><span style=\"color: #000080;\">Haut-parleurs st\u00e9r\u00e9o deux voies 8\u2019\u2019<\/span><\/strong><\/li>\r\n \t<li><strong><span style=\"color: #000080;\">Amplificateur de 300 watts<\/span><\/strong><\/li>\r\n<\/ul><div id=\"fb_share_1\" style=\"float: left; margin-left: 10px;;width: 55px;\" name=\"fb_share\"><div id=\"fb-root\"><\/div><script src=\"https:\/\/connect.facebook.net\/en_US\/all.js#appId=125029517579627&amp;xfbml=1\"><\/script><fb:like href=\"https:\/\/www.laudiom.com\/fr\/produit\/jbl-eon208p-systeme-de-sonorisation\/\" send=\"true\" layout=\"button\" width=\"55\" show_faces=\"false\" font=\"arial\"><\/fb:like><\/div>","protected":false},"excerpt":{"rendered":"<p>Syst\u00e8me de sonorisation 8&Prime; \u00e0 deux voies portable avec m\u00e9langeur aliment\u00e9 8&nbsp;canaux et Bluetooth Amenez le son JBL l\u00e9gendaire sur votre sc\u00e8ne avec le syst\u00e8me de sonorisation portable tout-en-un EON208P. Parfaitement prot\u00e9g\u00e9 gr\u00e2ce \u00e0 un design \u00e0 l\u2019\u00e9preuve des chocs, l\u2019EON208P vous permet de cr\u00e9er le son parfait lors de vos performances, meetings ou \u00e9v\u00e9nements. [&hellip;]<\/p>\n","protected":false},"featured_media":6176,"template":"","meta":{"_monsterinsights_skip_tracking":false,"_monsterinsights_sitenote_active":false,"_monsterinsights_sitenote_note":"","_monsterinsights_sitenote_category":0,"ngg_post_thumbnail":0},"product_cat":[54],"product_tag":[],"class_list":["post-6175","product","type-product","status-publish","has-post-thumbnail","hentry","product_cat-son-live","pa_manufacturier-jbl"],"_links":{"self":[{"href":"https:\/\/www.laudiom.com\/fr\/wp-json\/wp\/v2\/product\/6175","targetHints":{"allow":["GET"]}}],"collection":[{"href":"https:\/\/www.laudiom.com\/fr\/wp-json\/wp\/v2\/product"}],"about":[{"href":"https:\/\/www.laudiom.com\/fr\/wp-json\/wp\/v2\/types\/product"}],"wp:featuredmedia":[{"embeddable":true,"href":"https:\/\/www.laudiom.com\/fr\/wp-json\/wp\/v2\/media\/6176"}],"wp:attachment":[{"href":"https:\/\/www.laudiom.com\/fr\/wp-json\/wp\/v2\/media?parent=6175"}],"wp:term":[{"taxonomy":"product_cat","embeddable":true,"href":"https:\/\/www.laudiom.com\/fr\/wp-json\/wp\/v2\/product_cat?post=6175"},{"taxonomy":"product_tag","embeddable":true,"href":"https:\/\/www.laudiom.com\/fr\/wp-json\/wp\/v2\/product_tag?post=6175"}],"curies":[{"name":"wp","href":"https:\/\/api.w.org\/{rel}","templated":true}]}}